{"id":1265,"date":"2020-08-19T15:28:20","date_gmt":"2020-08-19T15:28:20","guid":{"rendered":"https:\/\/demo.ovatheme.com\/egovt\/?page_id=1265"},"modified":"2025-04-05T11:43:11","modified_gmt":"2025-04-05T09:43:11","slug":"histoire-adf","status":"publish","type":"page","link":"https:\/\/fonakeukeu.org\/en\/histoire-adf\/","title":{"rendered":"Histoire-ADF"},"content":{"rendered":"<div data-elementor-type=\"wp-page\" data-elementor-id=\"1265\" class=\"elementor elementor-1265\" data-elementor-post-type=\"page\">\n\t\t\t\t\t\t<section class=\"elementor-section elementor-top-section elementor-element elementor-element-ff06d87 elementor-section-boxed elementor-section-height-default elementor-section-height-default\" data-id=\"ff06d87\" data-element_type=\"section\">\n\t\t\t\t\t\t<div class=\"elementor-container elementor-column-gap-default\">\n\t\t\t\t\t<div class=\"elementor-column elementor-col-100 elementor-top-column elementor-element elementor-element-0a6e55e\" data-id=\"0a6e55e\" data-element_type=\"column\">\n\t\t\t<div class=\"elementor-widget-wrap elementor-element-populated\">\n\t\t\t\t\t\t<div class=\"elementor-element elementor-element-50f2908 elementor-tabs-view-horizontal elementor-widget elementor-widget-tabs\" data-id=\"50f2908\" data-element_type=\"widget\" data-widget_type=\"tabs.default\">\n\t\t\t\t<div class=\"elementor-widget-container\">\n\t\t\t\t\t<div class=\"elementor-tabs\">\n\t\t\t<div class=\"elementor-tabs-wrapper\" role=\"tablist\" >\n\t\t\t\t\t\t\t\t\t<div id=\"elementor-tab-title-8481\" class=\"elementor-tab-title elementor-tab-desktop-title\" aria-selected=\"true\" data-tab=\"1\" role=\"tab\" tabindex=\"0\" aria-controls=\"elementor-tab-content-8481\" aria-expanded=\"false\">Histoire<\/div>\n\t\t\t\t\t\t\t\t\t<div id=\"elementor-tab-title-8482\" class=\"elementor-tab-title elementor-tab-desktop-title\" aria-selected=\"false\" data-tab=\"2\" role=\"tab\" tabindex=\"-1\" aria-controls=\"elementor-tab-content-8482\" aria-expanded=\"false\">R\u00e9alisations<\/div>\n\t\t\t\t\t\t\t<\/div>\n\t\t\t<div class=\"elementor-tabs-content-wrapper\" role=\"tablist\" aria-orientation=\"vertical\">\n\t\t\t\t\t\t\t\t\t<div class=\"elementor-tab-title elementor-tab-mobile-title\" aria-selected=\"true\" data-tab=\"1\" role=\"tab\" tabindex=\"0\" aria-controls=\"elementor-tab-content-8481\" aria-expanded=\"false\">Histoire<\/div>\n\t\t\t\t\t<div id=\"elementor-tab-content-8481\" class=\"elementor-tab-content elementor-clearfix\" data-tab=\"1\" role=\"tabpanel\" aria-labelledby=\"elementor-tab-title-8481\" tabindex=\"0\" hidden=\"false\"><\/div>\n\t\t\t\t\t\t\t\t\t<div class=\"elementor-tab-title elementor-tab-mobile-title\" aria-selected=\"false\" data-tab=\"2\" role=\"tab\" tabindex=\"-1\" aria-controls=\"elementor-tab-content-8482\" aria-expanded=\"false\">R\u00e9alisations<\/div>\n\t\t\t\t\t<div id=\"elementor-tab-content-8482\" class=\"elementor-tab-content elementor-clearfix\" data-tab=\"2\" role=\"tabpanel\" aria-labelledby=\"elementor-tab-title-8482\" tabindex=\"0\" hidden=\"hidden\"><p>\u00a0<\/p><h2 class=\"text-center\"><a href=\"https:\/\/fonakeukeu.org\/en\/realisation\/\">Developpement De Fonakeukeu De L\u2019iNd\u00e9pendance \u00c0 Nos Jours : Quelques R\u00e9alisations<\/a><\/h2><\/div>\n\t\t\t\t\t\t\t<\/div>\n\t\t<\/div>\n\t\t\t\t<\/div>\n\t\t\t\t<\/div>\n\t\t\t\t\t<\/div>\n\t\t<\/div>\n\t\t\t\t\t<\/div>\n\t\t<\/section>\n\t\t\t\t<section class=\"elementor-section elementor-top-section elementor-element elementor-element-fc6ddf8 elementor-section-boxed elementor-section-height-default elementor-section-height-default\" data-id=\"fc6ddf8\" data-element_type=\"section\">\n\t\t\t\t\t\t<div class=\"elementor-container elementor-column-gap-default\">\n\t\t\t\t\t<div class=\"elementor-column elementor-col-100 elementor-top-column elementor-element elementor-element-eb63eeb\" data-id=\"eb63eeb\" data-element_type=\"column\">\n\t\t\t<div class=\"elementor-widget-wrap elementor-element-populated\">\n\t\t\t\t\t\t<div class=\"elementor-element elementor-element-b130545 elementor-widget elementor-widget-ova_heading\" data-id=\"b130545\" data-element_type=\"widget\" data-widget_type=\"ova_heading.default\">\n\t\t\t\t<div class=\"elementor-widget-container\">\n\t\t\t\t\t<div class=\"ova-heading\">\n\t\t\t\n\t\t\t\t\t\t\t<h3 class=\"title second_font\">Une br\u00e8ve histoire sur l'association ADF<\/h3>\n\t\t\t\n\t\t\t\n\t\t<\/div>\n\t\t\t\t<\/div>\n\t\t\t\t<\/div>\n\t\t\t\t<div class=\"elementor-element elementor-element-a96d007 elementor-widget elementor-widget-text-editor\" data-id=\"a96d007\" data-element_type=\"widget\" data-widget_type=\"text-editor.default\">\n\t\t\t\t<div class=\"elementor-widget-container\">\n\t\t\t\t\t\t\t<p><span style=\"color: #202b5d;\">L\u2019ADF (Association pour le D\u00e9veloppement de Fonakeukeu) est une transformation de l\u2019ADVF (Amicale pour le D\u00e9veloppement du Village de Fonakeukeu) dont les premiers textes avaient \u00e9t\u00e9 \u00e9crits en 1979 gr\u00e2ce \u00e0 une id\u00e9e g\u00e9niale de NAGUE Jean dit \u00ab fomessing \u00bb (en photo ci-contre) et avec la b\u00e9n\u00e9diction du chef ZEUFACK Thomas.<\/span><\/p>\t\t\t\t\t\t<\/div>\n\t\t\t\t<\/div>\n\t\t\t\t<div class=\"elementor-element elementor-element-d72cb89 elementor-widget elementor-widget-text-editor\" data-id=\"d72cb89\" data-element_type=\"widget\" data-widget_type=\"text-editor.default\">\n\t\t\t\t<div class=\"elementor-widget-container\">\n\t\t\t\t\t\t\t<p>L\u2019ADVF dont l\u2019arr\u00eat\u00e9 de cr\u00e9ation avait \u00e9t\u00e9 sign\u00e9 par le sous-pr\u00e9fet de Dschang avait \u00e0 sa t\u00eate un pr\u00e9sident national et des pr\u00e9sidents de section dans certaines villes du Cameroun o\u00f9 r\u00e9sidaient plusieurs familles Fonakeukeu. L\u2019Amicale connue un seul pr\u00e9sident national en l\u2019occurrence le feu NDI ASSOBE MOMO Gaston.<\/p>\t\t\t\t\t\t<\/div>\n\t\t\t\t<\/div>\n\t\t\t\t\t<\/div>\n\t\t<\/div>\n\t\t\t\t\t<\/div>\n\t\t<\/section>\n\t\t\t\t<section class=\"elementor-section elementor-top-section elementor-element elementor-element-fb6b705 elementor-section-boxed elementor-section-height-default elementor-section-height-default\" data-id=\"fb6b705\" data-element_type=\"section\">\n\t\t\t\t\t\t<div class=\"elementor-container elementor-column-gap-default\">\n\t\t\t\t\t<div class=\"elementor-column elementor-col-100 elementor-top-column elementor-element elementor-element-ece7293\" data-id=\"ece7293\" data-element_type=\"column\">\n\t\t\t<div class=\"elementor-widget-wrap elementor-element-populated\">\n\t\t\t\t\t\t<div class=\"elementor-element elementor-element-a5136a4 elementor-widget elementor-widget-ova_heading\" data-id=\"a5136a4\" data-element_type=\"widget\" data-widget_type=\"ova_heading.default\">\n\t\t\t\t<div class=\"elementor-widget-container\">\n\t\t\t\t\t<div class=\"ova-heading\">\n\t\t\t\n\t\t\t\t\t\t\t<h3 class=\"title second_font\">Voir la chronologie de l'historique<\/h3>\n\t\t\t\n\t\t\t\t\t\t\t<p class=\"sub-title\">\n<\/p>\n\t\t\t\n\t\t<\/div>\n\t\t\t\t<\/div>\n\t\t\t\t<\/div>\n\t\t\t\t<div class=\"elementor-element elementor-element-e228250 elementor-widget elementor-widget-ova_history\" data-id=\"e228250\" data-element_type=\"widget\" data-widget_type=\"ova_history.default\">\n\t\t\t\t<div class=\"elementor-widget-container\">\n\t\t\t\t\t<div class=\"ova-history\">\n\t\t\t\t\t\t\t\t\t\t\t\t<div class=\"wp-item\">\n\t\t\t\t\t\t<div class=\"wp-content\">\n\t\t\t\t\t\t\t\n\t\t\t\t\t\t\t<div class=\"content\">\n\t\t\t\t\t\t\t\t<div class=\"ova-media\">\n\t\t\t\t\t\t\t\t\t<img decoding=\"async\" src=\"https:\/\/fonakeukeu.org\/wp-content\/uploads\/2024\/02\/fona-imgg.jpg\" alt=\"\">\n\t\t\t\t\t\t\t\t<\/div>\n\t\t\t\t\t\t\t<\/div>\n\t\t\t\t\t\t<\/div>\n\t\t\t\t\t\t<div class=\"wp-year\">\n\t\t\t\t\t\t\t<span class=\"dot\">\n\t\t\t\t\t\t\t\t<span class=\"dot1\"><\/span>\n\t\t\t\t\t\t\t\t<span  class=\"dot2\"><\/span>\n\t\t\t\t\t\t\t\t<span  class=\"dot3\"><\/span>\n\t\t\t\t\t\t\t\t<span  class=\"dot4\"><\/span>\n\t\t\t\t\t\t\t<\/span>\n\n\t\t\t\t\t\t\t<p class=\"year second_font\">1981<\/p>\n\n\t\t\t\t\t\t\t<div class=\"title\">\n\t\t\t\t\t\t\t\t\t\t\t\t\t\t\t\t\t<h3>Cr\u00e9ation de ADVF<\/h3>\n\t\t\t\t\t\t\t\t\t\t\t\t\t\t\t<\/div>\n\n\t\t\t\t\t\t\t<div class=\"desc\">\n\t\t\t\t\t\t\t\t<p>L&quot;ADVF organise le tout premier congr\u00e8s des Fona \u00e0 la chefferie Fonakeukeu<\/p>\n\t\t\t\t\t\t\t<\/div>\n\n\t\t\t\t\t\t<\/div>\n\t\t\t\t\t<\/div>\n\t\t\t\t\t\t\t\t\t<div class=\"wp-item\">\n\t\t\t\t\t\t<div class=\"wp-content\">\n\t\t\t\t\t\t\t\n\t\t\t\t\t\t\t<div class=\"content\">\n\t\t\t\t\t\t\t\t<div class=\"ova-media\">\n\t\t\t\t\t\t\t\t\t<img decoding=\"async\" src=\"https:\/\/fonakeukeu.org\/wp-content\/uploads\/2024\/02\/fona-imgt.jpg\" alt=\"\">\n\t\t\t\t\t\t\t\t<\/div>\n\t\t\t\t\t\t\t<\/div>\n\t\t\t\t\t\t<\/div>\n\t\t\t\t\t\t<div class=\"wp-year\">\n\t\t\t\t\t\t\t<span class=\"dot\">\n\t\t\t\t\t\t\t\t<span class=\"dot1\"><\/span>\n\t\t\t\t\t\t\t\t<span  class=\"dot2\"><\/span>\n\t\t\t\t\t\t\t\t<span  class=\"dot3\"><\/span>\n\t\t\t\t\t\t\t\t<span  class=\"dot4\"><\/span>\n\t\t\t\t\t\t\t<\/span>\n\n\t\t\t\t\t\t\t<p class=\"year second_font\">2000<\/p>\n\n\t\t\t\t\t\t\t<div class=\"title\">\n\t\t\t\t\t\t\t\t\t\t\t\t\t\t\t\t\t<h3>Passage de ADVF \u00e0 ADF<\/h3>\n\t\t\t\t\t\t\t\t\t\t\t\t\t\t\t<\/div>\n\n\t\t\t\t\t\t\t<div class=\"desc\">\n\t\t\t\t\t\t\t\t<p>Sous la houlette du jeune chef ZEUFACK II Joseph, l\u2019ADVF devient l\u2019ADF avec toujours comme Pr\u00e9sident National l\u2019infatigable NDI ASSOB MOMO Gaston (paix \u00e0 son \u00e2me). Des r\u00e9gions, furent cr\u00e9\u00e9es au dessus des sections et des commissions mise en place pour s\u2019occuper des probl\u00e8mes sp\u00e9cifiques de d\u00e9veloppement tel que l\u2019\u00e9ducation, la sant\u00e9, les routes, l\u2019\u00e9lectrification, etc.<\/p>\n\t\t\t\t\t\t\t<\/div>\n\n\t\t\t\t\t\t<\/div>\n\t\t\t\t\t<\/div>\n\t\t\t\t\t\t\t\t\t<div class=\"wp-item\">\n\t\t\t\t\t\t<div class=\"wp-content\">\n\t\t\t\t\t\t\t\n\t\t\t\t\t\t\t<div class=\"content\">\n\t\t\t\t\t\t\t\t<div class=\"ova-media\">\n\t\t\t\t\t\t\t\t\t<img decoding=\"async\" src=\"https:\/\/fonakeukeu.org\/wp-content\/uploads\/2024\/02\/fona-imgj-1.jpg\" alt=\"\">\n\t\t\t\t\t\t\t\t<\/div>\n\t\t\t\t\t\t\t<\/div>\n\t\t\t\t\t\t<\/div>\n\t\t\t\t\t\t<div class=\"wp-year\">\n\t\t\t\t\t\t\t<span class=\"dot\">\n\t\t\t\t\t\t\t\t<span class=\"dot1\"><\/span>\n\t\t\t\t\t\t\t\t<span  class=\"dot2\"><\/span>\n\t\t\t\t\t\t\t\t<span  class=\"dot3\"><\/span>\n\t\t\t\t\t\t\t\t<span  class=\"dot4\"><\/span>\n\t\t\t\t\t\t\t<\/span>\n\n\t\t\t\t\t\t\t<p class=\"year second_font\">Aujourd&#039;hui<\/p>\n\n\t\t\t\t\t\t\t<div class=\"title\">\n\t\t\t\t\t\t\t\t\t\t\t\t\t\t\t\t\t<h3>ADF<\/h3>\n\t\t\t\t\t\t\t\t\t\t\t\t\t\t\t<\/div>\n\n\t\t\t\t\t\t\t<div class=\"desc\">\n\t\t\t\t\t\t\t\t<p>L\u2019ADF demeure comme l\u2019avait \u00e9t\u00e9 son anc\u00eatre (ADVF) l\u2019organe f\u00e9d\u00e9rateur et r\u00e9gulateur des actions de d\u00e9veloppement dans le village Fonakeukeu. Le Pr\u00e9sident National actuel Valery TATSADONG est d\u2019ailleurs un artisan de premi\u00e8re heure de notre structure de d\u00e9veloppement.<\/p>\n\t\t\t\t\t\t\t<\/div>\n\n\t\t\t\t\t\t<\/div>\n\t\t\t\t\t<\/div>\n\t\t\t\t\t\t\t\t\t<\/div>\n\t\t\t\t<\/div>\n\t\t\t\t<\/div>\n\t\t\t\t\t<\/div>\n\t\t<\/div>\n\t\t\t\t\t<\/div>\n\t\t<\/section>\n\t\t\t\t<section class=\"elementor-section elementor-top-section elementor-element elementor-element-df502fb elementor-section-boxed elementor-section-height-default elementor-section-height-default\" data-id=\"df502fb\" data-element_type=\"section\">\n\t\t\t\t\t\t<div class=\"elementor-container elementor-column-gap-default\">\n\t\t\t\t\t<div class=\"elementor-column elementor-col-100 elementor-top-column elementor-element elementor-element-8828483\" data-id=\"8828483\" data-element_type=\"column\">\n\t\t\t<div class=\"elementor-widget-wrap elementor-element-populated\">\n\t\t\t\t\t\t<div class=\"elementor-element elementor-element-b8f1d7d elementor-widget elementor-widget-ova_heading\" data-id=\"b8f1d7d\" data-element_type=\"widget\" data-widget_type=\"ova_heading.default\">\n\t\t\t\t<div class=\"elementor-widget-container\">\n\t\t\t\t\t<div class=\"ova-heading\">\n\t\t\t\n\t\t\t\t\t\t\t<h3 class=\"title second_font\">Voir la chronologie de l'historique<\/h3>\n\t\t\t\n\t\t\t\t\t\t\t<p class=\"sub-title\">\n<\/p>\n\t\t\t\n\t\t<\/div>\n\t\t\t\t<\/div>\n\t\t\t\t<\/div>\n\t\t\t\t<div class=\"elementor-element elementor-element-13ec064 elementor-widget elementor-widget-ova_history\" data-id=\"13ec064\" data-element_type=\"widget\" data-widget_type=\"ova_history.default\">\n\t\t\t\t<div class=\"elementor-widget-container\">\n\t\t\t\t\t<div class=\"ova-history\">\n\t\t\t\t\t\t\t\t\t\t\t\t<div class=\"wp-item\">\n\t\t\t\t\t\t<div class=\"wp-content\">\n\t\t\t\t\t\t\t\n\t\t\t\t\t\t\t<div class=\"content\">\n\t\t\t\t\t\t\t\t<div class=\"ova-media\">\n\t\t\t\t\t\t\t\t\t<img decoding=\"async\" src=\"https:\/\/fonakeukeu.org\/wp-content\/uploads\/2024\/02\/fona-imgg.jpg\" alt=\"\">\n\t\t\t\t\t\t\t\t<\/div>\n\t\t\t\t\t\t\t<\/div>\n\t\t\t\t\t\t<\/div>\n\t\t\t\t\t\t<div class=\"wp-year\">\n\t\t\t\t\t\t\t<span class=\"dot\">\n\t\t\t\t\t\t\t\t<span class=\"dot1\"><\/span>\n\t\t\t\t\t\t\t\t<span  class=\"dot2\"><\/span>\n\t\t\t\t\t\t\t\t<span  class=\"dot3\"><\/span>\n\t\t\t\t\t\t\t\t<span  class=\"dot4\"><\/span>\n\t\t\t\t\t\t\t<\/span>\n\n\t\t\t\t\t\t\t<p class=\"year second_font\">1981<\/p>\n\n\t\t\t\t\t\t\t<div class=\"title\">\n\t\t\t\t\t\t\t\t\t\t\t\t\t\t\t\t\t<h3>Cr\u00e9ation de ADVF<\/h3>\n\t\t\t\t\t\t\t\t\t\t\t\t\t\t\t<\/div>\n\n\t\t\t\t\t\t\t<div class=\"desc\">\n\t\t\t\t\t\t\t\t<p>L&quot;ADVF organise le tout premier congr\u00e8s des Fona \u00e0 la chefferie Fonakeukeu<\/p>\n\t\t\t\t\t\t\t<\/div>\n\n\t\t\t\t\t\t<\/div>\n\t\t\t\t\t<\/div>\n\t\t\t\t\t\t\t\t\t<div class=\"wp-item\">\n\t\t\t\t\t\t<div class=\"wp-content\">\n\t\t\t\t\t\t\t\n\t\t\t\t\t\t\t<div class=\"content\">\n\t\t\t\t\t\t\t\t<div class=\"ova-media\">\n\t\t\t\t\t\t\t\t\t<img decoding=\"async\" src=\"https:\/\/fonakeukeu.org\/wp-content\/uploads\/2024\/02\/fona-imgt.jpg\" alt=\"\">\n\t\t\t\t\t\t\t\t<\/div>\n\t\t\t\t\t\t\t<\/div>\n\t\t\t\t\t\t<\/div>\n\t\t\t\t\t\t<div class=\"wp-year\">\n\t\t\t\t\t\t\t<span class=\"dot\">\n\t\t\t\t\t\t\t\t<span class=\"dot1\"><\/span>\n\t\t\t\t\t\t\t\t<span  class=\"dot2\"><\/span>\n\t\t\t\t\t\t\t\t<span  class=\"dot3\"><\/span>\n\t\t\t\t\t\t\t\t<span  class=\"dot4\"><\/span>\n\t\t\t\t\t\t\t<\/span>\n\n\t\t\t\t\t\t\t<p class=\"year second_font\">2000<\/p>\n\n\t\t\t\t\t\t\t<div class=\"title\">\n\t\t\t\t\t\t\t\t\t\t\t\t\t\t\t\t\t<h3>Passage de ADVF \u00e0 ADF<\/h3>\n\t\t\t\t\t\t\t\t\t\t\t\t\t\t\t<\/div>\n\n\t\t\t\t\t\t\t<div class=\"desc\">\n\t\t\t\t\t\t\t\t<p>Sous la houlette du jeune chef ZEUFACK II Joseph, l\u2019ADVF devient l\u2019ADF avec toujours comme Pr\u00e9sident National l\u2019infatigable NDI ASSOB MOMO Gaston (paix \u00e0 son \u00e2me). Des r\u00e9gions, furent cr\u00e9\u00e9es au dessus des sections et des commissions mise en place pour s\u2019occuper des probl\u00e8mes sp\u00e9cifiques de d\u00e9veloppement tel que l\u2019\u00e9ducation, la sant\u00e9, les routes, l\u2019\u00e9lectrification, etc.<\/p>\n\t\t\t\t\t\t\t<\/div>\n\n\t\t\t\t\t\t<\/div>\n\t\t\t\t\t<\/div>\n\t\t\t\t\t\t\t\t\t<div class=\"wp-item\">\n\t\t\t\t\t\t<div class=\"wp-content\">\n\t\t\t\t\t\t\t\n\t\t\t\t\t\t\t<div class=\"content\">\n\t\t\t\t\t\t\t\t<div class=\"ova-media\">\n\t\t\t\t\t\t\t\t\t<img decoding=\"async\" src=\"https:\/\/fonakeukeu.org\/wp-content\/uploads\/2024\/02\/fona-imgj-1.jpg\" alt=\"\">\n\t\t\t\t\t\t\t\t<\/div>\n\t\t\t\t\t\t\t<\/div>\n\t\t\t\t\t\t<\/div>\n\t\t\t\t\t\t<div class=\"wp-year\">\n\t\t\t\t\t\t\t<span class=\"dot\">\n\t\t\t\t\t\t\t\t<span class=\"dot1\"><\/span>\n\t\t\t\t\t\t\t\t<span  class=\"dot2\"><\/span>\n\t\t\t\t\t\t\t\t<span  class=\"dot3\"><\/span>\n\t\t\t\t\t\t\t\t<span  class=\"dot4\"><\/span>\n\t\t\t\t\t\t\t<\/span>\n\n\t\t\t\t\t\t\t<p class=\"year second_font\">Aujourd&#039;hui<\/p>\n\n\t\t\t\t\t\t\t<div class=\"title\">\n\t\t\t\t\t\t\t\t\t\t\t\t\t\t\t\t\t<h3>ADF<\/h3>\n\t\t\t\t\t\t\t\t\t\t\t\t\t\t\t<\/div>\n\n\t\t\t\t\t\t\t<div class=\"desc\">\n\t\t\t\t\t\t\t\t<p>L\u2019ADF demeure comme l\u2019avait \u00e9t\u00e9 son anc\u00eatre (ADVF) l\u2019organe f\u00e9d\u00e9rateur et r\u00e9gulateur des actions de d\u00e9veloppement dans le village Fonakeukeu. Le Pr\u00e9sident National actuel Valery TATSADONG est d\u2019ailleurs un artisan de premi\u00e8re heure de notre structure de d\u00e9veloppement.<\/p>\n\t\t\t\t\t\t\t<\/div>\n\n\t\t\t\t\t\t<\/div>\n\t\t\t\t\t<\/div>\n\t\t\t\t\t\t\t\t\t<\/div>\n\t\t\t\t<\/div>\n\t\t\t\t<\/div>\n\t\t\t\t\t<\/div>\n\t\t<\/div>\n\t\t\t\t\t<\/div>\n\t\t<\/section>\n\t\t\t\t<\/div>","protected":false},"excerpt":{"rendered":"<p>Histoire R\u00e9alisations Histoire R\u00e9alisations \u00a0 Developpement De Fonakeukeu De L\u2019iNd\u00e9pendance \u00c0 Nos Jours : Quelques R\u00e9alisations Une br\u00e8ve histoire sur l&rsquo;association ADF L\u2019ADF (Association pour le D\u00e9veloppement de Fonakeukeu) est une transformation de l\u2019ADVF (Amicale pour le D\u00e9veloppement du Village de Fonakeukeu) dont les premiers textes avaient \u00e9t\u00e9 \u00e9crits en 1979 gr\u00e2ce \u00e0 une id\u00e9e [&hellip;]<\/p>","protected":false},"author":1,"featured_media":1266,"parent":0,"menu_order":0,"comment_status":"closed","ping_status":"closed","template":"","meta":{"footnotes":""},"class_list":["post-1265","page","type-page","status-publish","has-post-thumbnail","hentry"],"aioseo_notices":[],"_links":{"self":[{"href":"https:\/\/fonakeukeu.org\/en\/wp-json\/wp\/v2\/pages\/1265","targetHints":{"allow":["GET"]}}],"collection":[{"href":"https:\/\/fonakeukeu.org\/en\/wp-json\/wp\/v2\/pages"}],"about":[{"href":"https:\/\/fonakeukeu.org\/en\/wp-json\/wp\/v2\/types\/page"}],"author":[{"embeddable":true,"href":"https:\/\/fonakeukeu.org\/en\/wp-json\/wp\/v2\/users\/1"}],"replies":[{"embeddable":true,"href":"https:\/\/fonakeukeu.org\/en\/wp-json\/wp\/v2\/comments?post=1265"}],"version-history":[{"count":49,"href":"https:\/\/fonakeukeu.org\/en\/wp-json\/wp\/v2\/pages\/1265\/revisions"}],"predecessor-version":[{"id":9053,"href":"https:\/\/fonakeukeu.org\/en\/wp-json\/wp\/v2\/pages\/1265\/revisions\/9053"}],"wp:featuredmedia":[{"embeddable":true,"href":"https:\/\/fonakeukeu.org\/en\/wp-json\/wp\/v2\/media\/1266"}],"wp:attachment":[{"href":"https:\/\/fonakeukeu.org\/en\/wp-json\/wp\/v2\/media?parent=1265"}],"curies":[{"name":"wp","href":"https:\/\/api.w.org\/{rel}","templated":true}]}}