{"id":6336,"date":"2023-10-09T19:26:08","date_gmt":"2023-10-09T17:26:08","guid":{"rendered":"https:\/\/fonakeukeu.org\/?page_id=6336"},"modified":"2025-01-03T14:14:10","modified_gmt":"2025-01-03T13:14:10","slug":"organisation","status":"publish","type":"page","link":"https:\/\/fonakeukeu.org\/en\/organisation\/","title":{"rendered":"Organisation"},"content":{"rendered":"<div data-elementor-type=\"wp-page\" data-elementor-id=\"6336\" class=\"elementor elementor-6336\" data-elementor-post-type=\"page\">\n\t\t\t\t\t\t<section class=\"elementor-section elementor-top-section elementor-element elementor-element-4961c27 elementor-section-boxed elementor-section-height-default elementor-section-height-default\" data-id=\"4961c27\" data-element_type=\"section\">\n\t\t\t\t\t\t<div class=\"elementor-container elementor-column-gap-default\">\n\t\t\t\t\t<div class=\"elementor-column elementor-col-100 elementor-top-column elementor-element elementor-element-e36cc09\" data-id=\"e36cc09\" data-element_type=\"column\">\n\t\t\t<div class=\"elementor-widget-wrap elementor-element-populated\">\n\t\t\t\t\t\t<section class=\"elementor-section elementor-inner-section elementor-element elementor-element-1780fc2 elementor-section-boxed elementor-section-height-default elementor-section-height-default\" data-id=\"1780fc2\" data-element_type=\"section\">\n\t\t\t\t\t\t<div class=\"elementor-container elementor-column-gap-default\">\n\t\t\t\t\t<div class=\"elementor-column elementor-col-100 elementor-inner-column elementor-element elementor-element-3c26c19\" data-id=\"3c26c19\" data-element_type=\"column\">\n\t\t\t<div class=\"elementor-widget-wrap elementor-element-populated\">\n\t\t\t\t\t\t<section class=\"elementor-section elementor-inner-section elementor-element elementor-element-2b64f00 elementor-section-boxed elementor-section-height-default elementor-section-height-default\" data-id=\"2b64f00\" data-element_type=\"section\">\n\t\t\t\t\t\t<div class=\"elementor-container elementor-column-gap-default\">\n\t\t\t\t\t<div class=\"elementor-column elementor-col-50 elementor-inner-column elementor-element elementor-element-ebc575f\" data-id=\"ebc575f\" data-element_type=\"column\">\n\t\t\t<div class=\"elementor-widget-wrap elementor-element-populated\">\n\t\t\t\t\t\t<div class=\"elementor-element elementor-element-d223f82 elementor-widget elementor-widget-ova_heading\" data-id=\"d223f82\" data-element_type=\"widget\" data-widget_type=\"ova_heading.default\">\n\t\t\t\t<div class=\"elementor-widget-container\">\n\t\t\t\t\t<div class=\"ova-heading\">\n\t\t\t\n\t\t\t\t\t\t\t<h3 class=\"title second_font\">Organisation de l'Assoiation du D\u00e9veloppement  Fonakeukeu (ADF)<\/h3>\n\t\t\t\n\t\t\t\t\t\t\t<p class=\"sub-title\">L'association est organis\u00e9e de fa\u00e7on \u00e0 regrouper les filles et fils ressortissants du village et se trouvant partout dans le monde.<\/p>\n\t\t\t\n\t\t<\/div>\n\t\t\t\t<\/div>\n\t\t\t\t<\/div>\n\t\t\t\t\t<\/div>\n\t\t<\/div>\n\t\t\t\t<div class=\"elementor-column elementor-col-50 elementor-inner-column elementor-element elementor-element-75a23a9\" data-id=\"75a23a9\" data-element_type=\"column\">\n\t\t\t<div class=\"elementor-widget-wrap elementor-element-populated\">\n\t\t\t\t\t\t<div class=\"elementor-element elementor-element-a1d2780 elementor-align-right elementor-widget__width-auto egovt-button-color-border-header elementor-widget elementor-widget-button\" data-id=\"a1d2780\" data-element_type=\"widget\" data-widget_type=\"button.default\">\n\t\t\t\t<div class=\"elementor-widget-container\">\n\t\t\t\t\t\t\t<div class=\"elementor-button-wrapper\">\n\t\t\t\t\t<a class=\"elementor-button elementor-button-link elementor-size-sm\" href=\"https:\/\/adf.fonakeukeu.org\/register\">\n\t\t\t\t\t\t<span class=\"elementor-button-content-wrapper\">\n\t\t\t\t\t\t\t\t\t<span class=\"elementor-button-text\">Devenir Membre<\/span>\n\t\t\t\t\t<\/span>\n\t\t\t\t\t<\/a>\n\t\t\t\t<\/div>\n\t\t\t\t\t\t<\/div>\n\t\t\t\t<\/div>\n\t\t\t\t\t<\/div>\n\t\t<\/div>\n\t\t\t\t\t<\/div>\n\t\t<\/section>\n\t\t\t\t\t<\/div>\n\t\t<\/div>\n\t\t\t\t\t<\/div>\n\t\t<\/section>\n\t\t\t\t<section class=\"elementor-section elementor-inner-section elementor-element elementor-element-e8b2c47 elementor-section-boxed elementor-section-height-default elementor-section-height-default\" data-id=\"e8b2c47\" data-element_type=\"section\">\n\t\t\t\t\t\t<div class=\"elementor-container elementor-column-gap-default\">\n\t\t\t\t\t<div class=\"elementor-column elementor-col-50 elementor-inner-column elementor-element elementor-element-51a1ba3\" data-id=\"51a1ba3\" data-element_type=\"column\">\n\t\t\t<div class=\"elementor-widget-wrap elementor-element-populated\">\n\t\t\t\t\t\t<div class=\"elementor-element elementor-element-d6a2eed elementor-widget elementor-widget-image\" data-id=\"d6a2eed\" data-element_type=\"widget\" data-widget_type=\"image.default\">\n\t\t\t\t<div class=\"elementor-widget-container\">\n\t\t\t\t\t\t\t\t\t\t\t\t\t<img decoding=\"async\" src=\"https:\/\/fonakeukeu.org\/wp-content\/uploads\/elementor\/thumbs\/TXS00182_1x-e1692355582649-qb39l9s44bwtx1kdxbzb6tnvygyxcrcar90l68d6cm.jpg\" title=\"TXS00182_1x\" alt=\"TXS00182_1x\" loading=\"lazy\" \/>\t\t\t\t\t\t\t\t\t\t\t\t\t<\/div>\n\t\t\t\t<\/div>\n\t\t\t\t<div class=\"elementor-element elementor-element-fde3f2f elementor-widget elementor-widget-text-editor\" data-id=\"fde3f2f\" data-element_type=\"widget\" data-widget_type=\"text-editor.default\">\n\t\t\t\t<div class=\"elementor-widget-container\">\n\t\t\t\t\t\t\t<p><strong>Sa Majest\u00e9 ZEUFACK II Joseph<\/strong><br \/>CHEF DU VILLAGE FONAKEUKEU<\/p>\t\t\t\t\t\t<\/div>\n\t\t\t\t<\/div>\n\t\t\t\t\t<\/div>\n\t\t<\/div>\n\t\t\t\t<div class=\"elementor-column elementor-col-50 elementor-inner-column elementor-element elementor-element-a7b3b31\" data-id=\"a7b3b31\" data-element_type=\"column\">\n\t\t\t<div class=\"elementor-widget-wrap elementor-element-populated\">\n\t\t\t\t\t\t<div class=\"elementor-element elementor-element-2329bef elementor-widget elementor-widget-image\" data-id=\"2329bef\" data-element_type=\"widget\" data-widget_type=\"image.default\">\n\t\t\t\t<div class=\"elementor-widget-container\">\n\t\t\t\t\t\t\t\t\t\t\t\t\t\t<a href=\"https:\/\/fonakeukeu.org\/wp-content\/uploads\/2024\/03\/projet-adf-image_organigram-z-02-1.png\" data-elementor-open-lightbox=\"yes\" data-elementor-lightbox-title=\"projet-adf-image_organigram-z-02 (1)\" data-e-action-hash=\"#elementor-action%3Aaction%3Dlightbox%26settings%3DeyJpZCI6NjU4NiwidXJsIjoiaHR0cHM6XC9cL2ZvbmFrZXVrZXUub3JnXC93cC1jb250ZW50XC91cGxvYWRzXC8yMDI0XC8wM1wvcHJvamV0LWFkZi1pbWFnZV9vcmdhbmlncmFtLXotMDItMS5wbmcifQ%3D%3D\">\n\t\t\t\t\t\t\t<img fetchpriority=\"high\" decoding=\"async\" width=\"1024\" height=\"435\" src=\"https:\/\/fonakeukeu.org\/wp-content\/uploads\/2024\/03\/projet-adf-image_organigram-z-02-1-1024x435.png\" class=\"attachment-large size-large wp-image-6586\" alt=\"\" srcset=\"https:\/\/fonakeukeu.org\/wp-content\/uploads\/2024\/03\/projet-adf-image_organigram-z-02-1-1024x435.png 1024w, https:\/\/fonakeukeu.org\/wp-content\/uploads\/2024\/03\/projet-adf-image_organigram-z-02-1-300x127.png 300w, https:\/\/fonakeukeu.org\/wp-content\/uploads\/2024\/03\/projet-adf-image_organigram-z-02-1-768x326.png 768w, https:\/\/fonakeukeu.org\/wp-content\/uploads\/2024\/03\/projet-adf-image_organigram-z-02-1-1536x652.png 1536w, https:\/\/fonakeukeu.org\/wp-content\/uploads\/2024\/03\/projet-adf-image_organigram-z-02-1-2048x869.png 2048w, https:\/\/fonakeukeu.org\/wp-content\/uploads\/2024\/03\/projet-adf-image_organigram-z-02-1-18x8.png 18w, https:\/\/fonakeukeu.org\/wp-content\/uploads\/2024\/03\/projet-adf-image_organigram-z-02-1-600x255.png 600w, https:\/\/fonakeukeu.org\/wp-content\/uploads\/2024\/03\/projet-adf-image_organigram-z-02-1-560x238.png 560w\" sizes=\"(max-width: 1024px) 100vw, 1024px\" \/>\t\t\t\t\t\t\t\t<\/a>\n\t\t\t\t\t\t\t\t\t\t\t\t\t<\/div>\n\t\t\t\t<\/div>\n\t\t\t\t\t<\/div>\n\t\t<\/div>\n\t\t\t\t\t<\/div>\n\t\t<\/section>\n\t\t\t\t<div class=\"elementor-element elementor-element-3a7ebb7 elementor-widget elementor-widget-spacer\" data-id=\"3a7ebb7\" data-element_type=\"widget\" data-widget_type=\"spacer.default\">\n\t\t\t\t<div class=\"elementor-widget-container\">\n\t\t\t\t\t<div class=\"elementor-spacer\">\n\t\t\t<div class=\"elementor-spacer-inner\"><\/div>\n\t\t<\/div>\n\t\t\t\t<\/div>\n\t\t\t\t<\/div>\n\t\t\t\t\t<\/div>\n\t\t<\/div>\n\t\t\t\t\t<\/div>\n\t\t<\/section>\n\t\t\t\t<\/div>","protected":false},"excerpt":{"rendered":"<p>Organisation de l&rsquo;Assoiation du D\u00e9veloppement Fonakeukeu (ADF) L&rsquo;association est organis\u00e9e de fa\u00e7on \u00e0 regrouper les filles et fils ressortissants du village et se trouvant partout dans le monde. Devenir Membre Sa Majest\u00e9 ZEUFACK II JosephCHEF DU VILLAGE FONAKEUKEU<\/p>","protected":false},"author":1,"featured_media":0,"parent":0,"menu_order":0,"comment_status":"closed","ping_status":"closed","template":"","meta":{"footnotes":""},"class_list":["post-6336","page","type-page","status-publish","hentry"],"aioseo_notices":[],"_links":{"self":[{"href":"https:\/\/fonakeukeu.org\/en\/wp-json\/wp\/v2\/pages\/6336","targetHints":{"allow":["GET"]}}],"collection":[{"href":"https:\/\/fonakeukeu.org\/en\/wp-json\/wp\/v2\/pages"}],"about":[{"href":"https:\/\/fonakeukeu.org\/en\/wp-json\/wp\/v2\/types\/page"}],"author":[{"embeddable":true,"href":"https:\/\/fonakeukeu.org\/en\/wp-json\/wp\/v2\/users\/1"}],"replies":[{"embeddable":true,"href":"https:\/\/fonakeukeu.org\/en\/wp-json\/wp\/v2\/comments?post=6336"}],"version-history":[{"count":13,"href":"https:\/\/fonakeukeu.org\/en\/wp-json\/wp\/v2\/pages\/6336\/revisions"}],"predecessor-version":[{"id":8614,"href":"https:\/\/fonakeukeu.org\/en\/wp-json\/wp\/v2\/pages\/6336\/revisions\/8614"}],"wp:attachment":[{"href":"https:\/\/fonakeukeu.org\/en\/wp-json\/wp\/v2\/media?parent=6336"}],"curies":[{"name":"wp","href":"https:\/\/api.w.org\/{rel}","templated":true}]}}