{"id":7210,"date":"2024-05-21T12:43:14","date_gmt":"2024-05-21T10:43:14","guid":{"rendered":"https:\/\/fonakeukeu.org\/?page_id=7210"},"modified":"2024-09-17T17:27:46","modified_gmt":"2024-09-17T15:27:46","slug":"fona-ong-belgique","status":"publish","type":"page","link":"https:\/\/fonakeukeu.org\/en\/fona-ong-belgique\/","title":{"rendered":"Fona ONG Belgique"},"content":{"rendered":"<div data-elementor-type=\"wp-page\" data-elementor-id=\"7210\" class=\"elementor elementor-7210\" data-elementor-post-type=\"page\">\n\t\t\t\t\t\t<section class=\"elementor-section elementor-top-section elementor-element elementor-element-62aa8fa elementor-section-boxed elementor-section-height-default elementor-section-height-default\" data-id=\"62aa8fa\" data-element_type=\"section\">\n\t\t\t\t\t\t<div class=\"elementor-container elementor-column-gap-default\">\n\t\t\t\t\t<div class=\"elementor-column elementor-col-100 elementor-top-column elementor-element elementor-element-10c447d\" data-id=\"10c447d\" data-element_type=\"column\">\n\t\t\t<div class=\"elementor-widget-wrap elementor-element-populated\">\n\t\t\t\t\t\t<div class=\"elementor-element elementor-element-b10a3d8 elementor-widget elementor-widget-heading\" data-id=\"b10a3d8\" data-element_type=\"widget\" data-widget_type=\"heading.default\">\n\t\t\t\t<div class=\"elementor-widget-container\">\n\t\t\t<h1 class=\"elementor-heading-title elementor-size-default\">BIENVENUE A FONA ONG BELGIQUE<\/h1>\t\t<\/div>\n\t\t\t\t<\/div>\n\t\t\t\t\t<\/div>\n\t\t<\/div>\n\t\t\t\t\t<\/div>\n\t\t<\/section>\n\t\t\t\t<section class=\"elementor-section elementor-top-section elementor-element elementor-element-317d516 elementor-section-boxed elementor-section-height-default elementor-section-height-default\" data-id=\"317d516\" data-element_type=\"section\">\n\t\t\t\t\t\t<div class=\"elementor-container elementor-column-gap-default\">\n\t\t\t\t\t<div class=\"elementor-column elementor-col-100 elementor-top-column elementor-element elementor-element-4db9ca5\" data-id=\"4db9ca5\" data-element_type=\"column\">\n\t\t\t<div class=\"elementor-widget-wrap elementor-element-populated\">\n\t\t\t\t\t\t<div class=\"elementor-element elementor-element-9be7f2e elementor-widget__width-initial elementor-widget elementor-widget-heading\" data-id=\"9be7f2e\" data-element_type=\"widget\" data-widget_type=\"heading.default\">\n\t\t\t\t<div class=\"elementor-widget-container\">\n\t\t\t<h2 class=\"elementor-heading-title elementor-size-default\">Cooperation Fonakeukeu \u2013 ONG SLCD<\/h2>\t\t<\/div>\n\t\t\t\t<\/div>\n\t\t\t\t\t<\/div>\n\t\t<\/div>\n\t\t\t\t\t<\/div>\n\t\t<\/section>\n\t\t\t\t<section class=\"elementor-section elementor-top-section elementor-element elementor-element-d201450 elementor-section-boxed elementor-section-height-default elementor-section-height-default\" data-id=\"d201450\" data-element_type=\"section\">\n\t\t\t\t\t\t<div class=\"elementor-container elementor-column-gap-default\">\n\t\t\t\t\t<div class=\"elementor-column elementor-col-100 elementor-top-column elementor-element elementor-element-b614b3f\" data-id=\"b614b3f\" data-element_type=\"column\">\n\t\t\t<div class=\"elementor-widget-wrap elementor-element-populated\">\n\t\t\t\t\t\t<div class=\"elementor-element elementor-element-77a8dc7 elementor-widget elementor-widget-text-editor\" data-id=\"77a8dc7\" data-element_type=\"widget\" data-widget_type=\"text-editor.default\">\n\t\t\t\t<div class=\"elementor-widget-container\">\n\t\t\t\t\t\t\t<p>La coop\u00e9ration multilat\u00e9rale est un filon indispensable au cette optique que l&rsquo;ONG Belge, SLCD (Service La\u00efc de Coop\u00e9ration au D\u00e9veloppement), en collaboration avec le village Fonakeukeu, s&rsquo;est assign\u00e9 une mission. Celle d&rsquo;aider le village \u00e0 consolider le processus de sa mue. Cette ONG n&rsquo;a pas la pr\u00e9tention de s&rsquo;adjuger seule cette longue et exaltante \u0153uvre. Elle agit en synergie avec toutes les forces vives du village pour atteindre ses objectifs. Ses \u0153uvres non exhaustives peuvent \u00eatre r\u00e9sum\u00e9es selon la chronologie ci-dessous :<\/p>\t\t\t\t\t\t<\/div>\n\t\t\t\t<\/div>\n\t\t\t\t<div class=\"elementor-element elementor-element-e9e47ce elementor-widget elementor-widget-ova_heading\" data-id=\"e9e47ce\" data-element_type=\"widget\" data-widget_type=\"ova_heading.default\">\n\t\t\t\t<div class=\"elementor-widget-container\">\n\t\t\t\t\t<div class=\"ova-heading\">\n\t\t\t\n\t\t\t\t\t\t\t<h1 class=\"title second_font\">Voir la chronologie de l'historique :<\/h1>\n\t\t\t\n\t\t\t\t\t\t\t<p class=\"sub-title\">\n<\/p>\n\t\t\t\n\t\t<\/div>\n\t\t\t\t<\/div>\n\t\t\t\t<\/div>\n\t\t\t\t<div class=\"elementor-element elementor-element-bfd02b0 elementor-widget elementor-widget-ova_history\" data-id=\"bfd02b0\" data-element_type=\"widget\" data-widget_type=\"ova_history.default\">\n\t\t\t\t<div class=\"elementor-widget-container\">\n\t\t\t\t\t<div class=\"ova-history\">\n\t\t\t\t\t\t\t\t\t\t\t\t<div class=\"wp-item\">\n\t\t\t\t\t\t<div class=\"wp-content\">\n\t\t\t\t\t\t\t\n\t\t\t\t\t\t\t<div class=\"content\">\n\t\t\t\t\t\t\t\t<div class=\"ova-media\">\n\t\t\t\t\t\t\t\t\t<img decoding=\"async\" src=\"\" alt=\"\">\n\t\t\t\t\t\t\t\t<\/div>\n\t\t\t\t\t\t\t<\/div>\n\t\t\t\t\t\t<\/div>\n\t\t\t\t\t\t<div class=\"wp-year\">\n\t\t\t\t\t\t\t<span class=\"dot\">\n\t\t\t\t\t\t\t\t<span class=\"dot1\"><\/span>\n\t\t\t\t\t\t\t\t<span  class=\"dot2\"><\/span>\n\t\t\t\t\t\t\t\t<span  class=\"dot3\"><\/span>\n\t\t\t\t\t\t\t\t<span  class=\"dot4\"><\/span>\n\t\t\t\t\t\t\t<\/span>\n\n\t\t\t\t\t\t\t<p class=\"year second_font\">2002-2003<\/p>\n\n\t\t\t\t\t\t\t<div class=\"title\">\n\t\t\t\t\t\t\t\t\t\t\t\t\t\t\t\t\t<h3>Priorit\u00e9 \u00e0 la sant\u00e9<\/h3>\n\t\t\t\t\t\t\t\t\t\t\t\t\t\t\t<\/div>\n\n\t\t\t\t\t\t\t<div class=\"desc\">\n\t\t\t\t\t\t\t\t<p>La sant\u00e9, l&#039;un des indices du d\u00e9veloppement figure parmi les objectifs du mill\u00e9naire pour le d\u00e9veloppement n&#039;est pas le parent de la coop\u00e9ration ONG Belge et le village Fonakeukeu. De ce fait, elle a entrepris : La r\u00e9habilitation d&#039;un ancien captage situ\u00e9 au village Batsing\u2019la et du r\u00e9seau d&#039;eau potable jusqu&#039;au centre de sant\u00e9 de Fonakeukeu. L&#039;am\u00e9nagement d&#039;une salle d&#039;hospitalisation au centre de sant\u00e9 par les t\u00e2ches telles que. Enduit talonn\u00e9s au mur, chape liss\u00e9e au sol, solivage et pose du plafond, pose d&#039;une porte sur bois, vitrerie, l&#039;application de deux couches de peinture et les travaux d&#039;\u00e9lectrification. Au courant de cette p\u00e9riode, l&#039;ONG soucieuse d&#039;offrir les meilleurs conditions d&#039;\u00e9tude aux \u00e9l\u00e8ves, a ex\u00e9cut\u00e9 les travaux d&#039;extension du r\u00e9seau d&#039;adduction d&#039;eau potable vers l&#039;\u00e9cole publique Fonakeukeu groupe 1 et au lyc\u00e9e. Cela avec pour cons\u00e9quence imm\u00e9diate, l&#039;installation des bornes fontaines dans lesdits \u00e9tablissements afin d&#039;\u00e9tancher la soif des \u00e9l\u00e8ves et leurs acc\u00e8s aux bonnes conditions d&#039;hygi\u00e8ne dans ces lieux.<\/p>\n\t\t\t\t\t\t\t<\/div>\n\n\t\t\t\t\t\t<\/div>\n\t\t\t\t\t<\/div>\n\t\t\t\t\t\t\t\t\t<div class=\"wp-item\">\n\t\t\t\t\t\t<div class=\"wp-content\">\n\t\t\t\t\t\t\t\n\t\t\t\t\t\t\t<div class=\"content\">\n\t\t\t\t\t\t\t\t<div class=\"ova-media\">\n\t\t\t\t\t\t\t\t\t<img decoding=\"async\" src=\"\" alt=\"\">\n\t\t\t\t\t\t\t\t<\/div>\n\t\t\t\t\t\t\t<\/div>\n\t\t\t\t\t\t<\/div>\n\t\t\t\t\t\t<div class=\"wp-year\">\n\t\t\t\t\t\t\t<span class=\"dot\">\n\t\t\t\t\t\t\t\t<span class=\"dot1\"><\/span>\n\t\t\t\t\t\t\t\t<span  class=\"dot2\"><\/span>\n\t\t\t\t\t\t\t\t<span  class=\"dot3\"><\/span>\n\t\t\t\t\t\t\t\t<span  class=\"dot4\"><\/span>\n\t\t\t\t\t\t\t<\/span>\n\n\t\t\t\t\t\t\t<p class=\"year second_font\">2005<\/p>\n\n\t\t\t\t\t\t\t<div class=\"title\">\n\t\t\t\t\t\t\t\t\t\t\t\t\t\t\t\t\t<h3>Ann\u00e9e de cons\u00e9cration de l'\u00e9cole publique groupe 1<\/h3>\n\t\t\t\t\t\t\t\t\t\t\t\t\t\t\t<\/div>\n\n\t\t\t\t\t\t\t<div class=\"desc\">\n\t\t\t\t\t\t\t\t<p>Cette ann\u00e9e marque les travaux de finition de cette \u00e9cole afin de lui donner un visage reluisant digne des grandes \u00e9coles capables de rivaliser d&#039;adresse avec leurs homologues des grandes m\u00e9tropoles du pays. L&#039;ONG Belge SLCD a contribu\u00e9 au : dallage du sol, construction des poteaux de soutien de la toiture au niveau de la v\u00e9randa, enduits au mortier du ciment des murs avec finitions au sable tamis\u00e9, fabrication et pose des fen\u00eatres m\u00e9talliques, fourniture des tables-bancs, solivage et pose des plafonds dans les salles de classe et la peinture interne et externe des b\u00e2timents<\/p>\n\t\t\t\t\t\t\t<\/div>\n\n\t\t\t\t\t\t<\/div>\n\t\t\t\t\t<\/div>\n\t\t\t\t\t\t\t\t\t<div class=\"wp-item\">\n\t\t\t\t\t\t<div class=\"wp-content\">\n\t\t\t\t\t\t\t\n\t\t\t\t\t\t\t<div class=\"content\">\n\t\t\t\t\t\t\t\t<div class=\"ova-media\">\n\t\t\t\t\t\t\t\t\t<img decoding=\"async\" src=\"\" alt=\"\">\n\t\t\t\t\t\t\t\t<\/div>\n\t\t\t\t\t\t\t<\/div>\n\t\t\t\t\t\t<\/div>\n\t\t\t\t\t\t<div class=\"wp-year\">\n\t\t\t\t\t\t\t<span class=\"dot\">\n\t\t\t\t\t\t\t\t<span class=\"dot1\"><\/span>\n\t\t\t\t\t\t\t\t<span  class=\"dot2\"><\/span>\n\t\t\t\t\t\t\t\t<span  class=\"dot3\"><\/span>\n\t\t\t\t\t\t\t\t<span  class=\"dot4\"><\/span>\n\t\t\t\t\t\t\t<\/span>\n\n\t\t\t\t\t\t\t<p class=\"year second_font\">2006-2007<\/p>\n\n\t\t\t\t\t\t\t<div class=\"title\">\n\t\t\t\t\t\t\t\t\t\t\t\t\t\t\t\t\t<h3>Ann\u00e9es fastes de l'\u00e9cole publique de Fonakeukeu groupe 2<\/h3>\n\t\t\t\t\t\t\t\t\t\t\t\t\t\t\t<\/div>\n\n\t\t\t\t\t\t\t<div class=\"desc\">\n\t\t\t\t\t\t\t\t<p>Cette \u00e9cole a \u00e9t\u00e9 totalement r\u00e9nov\u00e9e par la construction de deux b\u00e2timents modernes (six salle de classes et un bloc administratif) \u00e9quip\u00e9es enti\u00e8rement de tables bancs et des chaises. Ce b\u00e2timent constitue un joyau architectural avec des ouvertures, plafonds et rev\u00eatement de qualit\u00e9.<\/p>\n\t\t\t\t\t\t\t<\/div>\n\n\t\t\t\t\t\t<\/div>\n\t\t\t\t\t<\/div>\n\t\t\t\t\t\t\t\t\t<div class=\"wp-item\">\n\t\t\t\t\t\t<div class=\"wp-content\">\n\t\t\t\t\t\t\t\n\t\t\t\t\t\t\t<div class=\"content\">\n\t\t\t\t\t\t\t\t<div class=\"ova-media\">\n\t\t\t\t\t\t\t\t\t<img decoding=\"async\" src=\"\" alt=\"\">\n\t\t\t\t\t\t\t\t<\/div>\n\t\t\t\t\t\t\t<\/div>\n\t\t\t\t\t\t<\/div>\n\t\t\t\t\t\t<div class=\"wp-year\">\n\t\t\t\t\t\t\t<span class=\"dot\">\n\t\t\t\t\t\t\t\t<span class=\"dot1\"><\/span>\n\t\t\t\t\t\t\t\t<span  class=\"dot2\"><\/span>\n\t\t\t\t\t\t\t\t<span  class=\"dot3\"><\/span>\n\t\t\t\t\t\t\t\t<span  class=\"dot4\"><\/span>\n\t\t\t\t\t\t\t<\/span>\n\n\t\t\t\t\t\t\t<p class=\"year second_font\">2012-2013<\/p>\n\n\t\t\t\t\t\t\t<div class=\"title\">\n\t\t\t\t\t\t\t\t\t\t\t\t\t\t\t\t\t<h3>Am\u00e9lioration de l'acc\u00e8s \u00e0 l'eau potable<\/h3>\n\t\t\t\t\t\t\t\t\t\t\t\t\t\t\t<\/div>\n\n\t\t\t\t\t\t\t<div class=\"desc\">\n\t\t\t\t\t\t\t\t<p>Conscient du fait que l&#039;acc\u00e8s \u00e0 l&#039;eau potable \u00e9loigne les maladies li\u00e9es \u00e0 la consommation d&#039;une eau impropre. Conscient de ce vieil adage qui dit que, \u00ab l&#039;eau c&#039;est la vie \u00bb. L&#039;ONG a \u0153uvr\u00e9 \u00e0 la r\u00e9fection g\u00e9n\u00e9rale du point de captage d&#039;eau. En enfouissant compl\u00e8tement celui-ci conform\u00e9ment \u00e0 la nouvelle technologie en vigueur et aux normes ISO. Vu l&#039;accroissement d\u00e9mographique du village, il devenait opportun d&#039;augmenter l&#039;offre en eau de qualit\u00e9 dans cette aire g\u00e9ographique. C&#039;est ainsi que deux ch\u00e2teaux de stockage d&#039;eau d&#039;une capacit\u00e9 de 45 000 litres permettent d&#039;avoir de l&#039;eau d&#039;une fa\u00e7on p\u00e9renne au village. Afin de ne pas souiller l&#039;eau destin\u00e9e \u00e0 la consommation, l\u2019ONG a \u00e9galement construit un grand bac pour lessive et une borne fontaine sur le site de captage pour desservir les populations environnantes, afin qu&#039;elles b\u00e9n\u00e9ficient aussi de cette \u0153uvre humanitaire. Le nombre total de point d&#039;eau construit par l&#039;ONG s&#039;\u00e9l\u00e8ve \u00e0 16. Soucieux du d\u00e9veloppement du village Fonakeukeu, le Service la\u00efc de coop\u00e9ration au d\u00e9veloppement est une preuve palpable des objectifs vis\u00e9s par les ONG des pays du Nord. Qui en g\u00e9n\u00e9ral, ont pour motivation le d\u00e9veloppement et le bien-\u00eatre des populations des pays du Sud sans consid\u00e9rations lucratives. Nous ne pouvons que remercier cette ONG philanthropique et les encourager \u00e0 nous venir davantage en aide de mani\u00e8re \u00e0 nous offrir un meilleur cadre de vie indispensable pour notre \u00e9panouissement.<\/p>\n\t\t\t\t\t\t\t<\/div>\n\n\t\t\t\t\t\t<\/div>\n\t\t\t\t\t<\/div>\n\t\t\t\t\t\t\t\t\t<\/div>\n\t\t\t\t<\/div>\n\t\t\t\t<\/div>\n\t\t\t\t\t<\/div>\n\t\t<\/div>\n\t\t\t\t\t<\/div>\n\t\t<\/section>\n\t\t\t\t<\/div>","protected":false},"excerpt":{"rendered":"<p>BIENVENUE A FONA ONG BELGIQUE Cooperation Fonakeukeu \u2013 ONG SLCD La coop\u00e9ration multilat\u00e9rale est un filon indispensable au cette optique que l&rsquo;ONG Belge, SLCD (Service La\u00efc de Coop\u00e9ration au D\u00e9veloppement), en collaboration avec le village Fonakeukeu, s&rsquo;est assign\u00e9 une mission. Celle d&rsquo;aider le village \u00e0 consolider le processus de sa mue. Cette ONG n&rsquo;a pas [&hellip;]<\/p>","protected":false},"author":1,"featured_media":0,"parent":0,"menu_order":0,"comment_status":"closed","ping_status":"closed","template":"elementor_header_footer","meta":{"footnotes":""},"class_list":["post-7210","page","type-page","status-publish","hentry"],"aioseo_notices":[],"_links":{"self":[{"href":"https:\/\/fonakeukeu.org\/en\/wp-json\/wp\/v2\/pages\/7210","targetHints":{"allow":["GET"]}}],"collection":[{"href":"https:\/\/fonakeukeu.org\/en\/wp-json\/wp\/v2\/pages"}],"about":[{"href":"https:\/\/fonakeukeu.org\/en\/wp-json\/wp\/v2\/types\/page"}],"author":[{"embeddable":true,"href":"https:\/\/fonakeukeu.org\/en\/wp-json\/wp\/v2\/users\/1"}],"replies":[{"embeddable":true,"href":"https:\/\/fonakeukeu.org\/en\/wp-json\/wp\/v2\/comments?post=7210"}],"version-history":[{"count":64,"href":"https:\/\/fonakeukeu.org\/en\/wp-json\/wp\/v2\/pages\/7210\/revisions"}],"predecessor-version":[{"id":8028,"href":"https:\/\/fonakeukeu.org\/en\/wp-json\/wp\/v2\/pages\/7210\/revisions\/8028"}],"wp:attachment":[{"href":"https:\/\/fonakeukeu.org\/en\/wp-json\/wp\/v2\/media?parent=7210"}],"curies":[{"name":"wp","href":"https:\/\/api.w.org\/{rel}","templated":true}]}}