{"id":730,"date":"2020-07-29T02:27:29","date_gmt":"2020-07-29T00:27:29","guid":{"rendered":"https:\/\/demo.ovatheme.com\/egovt\/?page_id=730"},"modified":"2024-05-28T12:53:26","modified_gmt":"2024-05-28T10:53:26","slug":"fonakeukeu","status":"publish","type":"page","link":"https:\/\/fonakeukeu.org\/en\/fonakeukeu\/","title":{"rendered":"Fonakeukeu"},"content":{"rendered":"<div data-elementor-type=\"wp-page\" data-elementor-id=\"730\" class=\"elementor elementor-730\" data-elementor-post-type=\"page\">\n\t\t\t\t\t\t<section class=\"elementor-section elementor-top-section elementor-element elementor-element-3e771da elementor-section-boxed elementor-section-height-default elementor-section-height-default\" data-id=\"3e771da\" data-element_type=\"section\">\n\t\t\t\t\t\t<div class=\"elementor-container elementor-column-gap-default\">\n\t\t\t\t\t<div class=\"elementor-column elementor-col-100 elementor-top-column elementor-element elementor-element-e9517f9\" data-id=\"e9517f9\" data-element_type=\"column\">\n\t\t\t<div class=\"elementor-widget-wrap elementor-element-populated\">\n\t\t\t\t\t\t<div class=\"elementor-element elementor-element-00b452f elementor-widget elementor-widget-ova_heading\" data-id=\"00b452f\" data-element_type=\"widget\" data-widget_type=\"ova_heading.default\">\n\t\t\t\t<div class=\"elementor-widget-container\">\n\t\t\t\t\t<div class=\"ova-heading\">\n\t\t\t\n\t\t\t\t\t\t\t<h3 class=\"title second_font\">Explorer les diff\u00e9rentes rubriques de notre village<br> FONAKEUKEU<\/h3>\n\t\t\t\n\t\t\t\t\t\t\t<p class=\"sub-title\">Nous proposons les informations suivantes sur nous et sur ce que nous sommes r\u00e9ellement.<\/p>\n\t\t\t\n\t\t<\/div>\n\t\t\t\t<\/div>\n\t\t\t\t<\/div>\n\t\t\t\t<div class=\"elementor-element elementor-element-8081c10 elementor-widget elementor-widget-ova_archive_dep\" data-id=\"8081c10\" data-element_type=\"widget\" data-widget_type=\"ova_archive_dep.default\">\n\t\t\t\t<div class=\"elementor-widget-container\">\n\t\t\t\n\n<div class=\"ova_archive_dep archive_dep three_column\">\n\t<div class=\"content\">\n\t\t\n\t\t\t<div class=\"items elementor-items\">\n\t\t\t\t<div class=\"wp-item\">\n\t\t\t\t\n\t\t\t\t<div class=\"ova-media\">\n\t\t\t\t\t<a href=\"https:\/\/fonakeukeu.org\/en\/ova_dep\/geographie-2\/\">\n\t\t\t\t\t\t<img fetchpriority=\"high\" decoding=\"async\" width=\"621\" height=\"431\" src=\"https:\/\/fonakeukeu.org\/wp-content\/uploads\/2023\/08\/Fona-carte.jpg\" class=\"img-responsive wp-post-image\" alt=\"\" srcset=\"https:\/\/fonakeukeu.org\/wp-content\/uploads\/2023\/08\/Fona-carte.jpg 621w, https:\/\/fonakeukeu.org\/wp-content\/uploads\/2023\/08\/Fona-carte-300x208.jpg 300w, https:\/\/fonakeukeu.org\/wp-content\/uploads\/2023\/08\/Fona-carte-600x416.jpg 600w, https:\/\/fonakeukeu.org\/wp-content\/uploads\/2023\/08\/Fona-carte-560x389.jpg 560w\" sizes=\"(max-width: 621px) 100vw, 621px\" \/>\t\t\t\t\t<\/a>\n\t\t\t\t<\/div>\n\t\t\t\t<div class=\"ova-content\">\n\t\t\t\t\t\t\t\t\t\t\t<div class=\"icon\">\n\t\t\t\t\t\t\t<span>\n\t\t\t\t\t\t\t\t<i class=\"flaticon-money-bag-2\"><\/i>\n\t\t\t\t\t\t\t<\/span>\n\t\t\t\t\t\t<\/div>\n\t\t\t\t\t\t\t\t\t\t\t\t\t\t\t<h2 class=\"title\">\n\t\t\t\t\t\t<a class=\"second_font\" href=\"https:\/\/fonakeukeu.org\/en\/ova_dep\/geographie-2\/\">\n\t\t\t\t\t\t\tG\u00e9ographie\t\t\t\t\t\t<\/a>\n\t\t\t\t\t<\/h2>\n\t\t\t\t\t\t\t\t\t\t\t\t\t\t\t\t<div class=\"descption\">\n\t\t\t\t\t\t\tVeuillez explorez la g\u00e9ographie de notre village\t\t\t\t\t\t<\/div>\n\t\t\t\t\t\t\t\t\t\t\t\t\t\t\t<a class=\"second_font readmore\" href=\"https:\/\/fonakeukeu.org\/en\/ova_dep\/geographie-2\/\" >\n\t\t\t\t\t\tRead More\t\t\t\t\t\t<i data-feather=\"arrow-right\"><\/i>\n\t\t\t\t\t<\/a>\n\t\t\t\t\t\t\t\t\t<\/div>\n\n\t\t\t\t<\/div>\n\t\t\t<\/div>\n\n\t\t\n\t\t\t<div class=\"items elementor-items\">\n\t\t\t\t<div class=\"wp-item\">\n\t\t\t\t\n\t\t\t\t<div class=\"ova-media\">\n\t\t\t\t\t<a href=\"https:\/\/fonakeukeu.org\/en\/ova_dep\/elites-diaspora\/\">\n\t\t\t\t\t\t<img decoding=\"async\" width=\"1024\" height=\"768\" src=\"https:\/\/fonakeukeu.org\/wp-content\/uploads\/2020\/07\/WhatsApp-Image-2024-06-26-a-12.42.32_465d1cab-1024x768.jpg\" class=\"img-responsive wp-post-image\" alt=\"\" srcset=\"https:\/\/fonakeukeu.org\/wp-content\/uploads\/2020\/07\/WhatsApp-Image-2024-06-26-a-12.42.32_465d1cab-1024x768.jpg 1024w, https:\/\/fonakeukeu.org\/wp-content\/uploads\/2020\/07\/WhatsApp-Image-2024-06-26-a-12.42.32_465d1cab-300x225.jpg 300w, https:\/\/fonakeukeu.org\/wp-content\/uploads\/2020\/07\/WhatsApp-Image-2024-06-26-a-12.42.32_465d1cab-768x576.jpg 768w, https:\/\/fonakeukeu.org\/wp-content\/uploads\/2020\/07\/WhatsApp-Image-2024-06-26-a-12.42.32_465d1cab-16x12.jpg 16w, https:\/\/fonakeukeu.org\/wp-content\/uploads\/2020\/07\/WhatsApp-Image-2024-06-26-a-12.42.32_465d1cab-600x450.jpg 600w, https:\/\/fonakeukeu.org\/wp-content\/uploads\/2020\/07\/WhatsApp-Image-2024-06-26-a-12.42.32_465d1cab-560x420.jpg 560w, https:\/\/fonakeukeu.org\/wp-content\/uploads\/2020\/07\/WhatsApp-Image-2024-06-26-a-12.42.32_465d1cab.jpg 1080w\" sizes=\"(max-width: 1024px) 100vw, 1024px\" \/>\t\t\t\t\t<\/a>\n\t\t\t\t<\/div>\n\t\t\t\t<div class=\"ova-content\">\n\t\t\t\t\t\t\t\t\t\t\t<div class=\"icon\">\n\t\t\t\t\t\t\t<span>\n\t\t\t\t\t\t\t\t<i class=\"flaticon-train-2\"><\/i>\n\t\t\t\t\t\t\t<\/span>\n\t\t\t\t\t\t<\/div>\n\t\t\t\t\t\t\t\t\t\t\t\t\t\t\t<h2 class=\"title\">\n\t\t\t\t\t\t<a class=\"second_font\" href=\"https:\/\/fonakeukeu.org\/en\/ova_dep\/elites-diaspora\/\">\n\t\t\t\t\t\t\tElites &#038; Diaspora\t\t\t\t\t\t<\/a>\n\t\t\t\t\t<\/h2>\n\t\t\t\t\t\t\t\t\t\t\t\t\t\t\t\t<div class=\"descption\">\n\t\t\t\t\t\t\tVeuillez explorer les \u00e9lites notre village et notre diaspora.\t\t\t\t\t\t<\/div>\n\t\t\t\t\t\t\t\t\t\t\t\t\t\t\t<a class=\"second_font readmore\" href=\"https:\/\/fonakeukeu.org\/en\/ova_dep\/elites-diaspora\/\" >\n\t\t\t\t\t\tRead More\t\t\t\t\t\t<i data-feather=\"arrow-right\"><\/i>\n\t\t\t\t\t<\/a>\n\t\t\t\t\t\t\t\t\t<\/div>\n\n\t\t\t\t<\/div>\n\t\t\t<\/div>\n\n\t\t\n\t\t\t<div class=\"items elementor-items\">\n\t\t\t\t<div class=\"wp-item\">\n\t\t\t\t\n\t\t\t\t<div class=\"ova-media\">\n\t\t\t\t\t<a href=\"https:\/\/fonakeukeu.org\/en\/ova_dep\/population\/\">\n\t\t\t\t\t\t<img decoding=\"async\" width=\"1024\" height=\"767\" src=\"https:\/\/fonakeukeu.org\/wp-content\/uploads\/2020\/07\/WhatsApp-Image-2024-06-26-a-12.42.34_2276b733-1024x767.jpg\" class=\"img-responsive wp-post-image\" alt=\"\" srcset=\"https:\/\/fonakeukeu.org\/wp-content\/uploads\/2020\/07\/WhatsApp-Image-2024-06-26-a-12.42.34_2276b733-1024x767.jpg 1024w, https:\/\/fonakeukeu.org\/wp-content\/uploads\/2020\/07\/WhatsApp-Image-2024-06-26-a-12.42.34_2276b733-300x225.jpg 300w, https:\/\/fonakeukeu.org\/wp-content\/uploads\/2020\/07\/WhatsApp-Image-2024-06-26-a-12.42.34_2276b733-768x575.jpg 768w, https:\/\/fonakeukeu.org\/wp-content\/uploads\/2020\/07\/WhatsApp-Image-2024-06-26-a-12.42.34_2276b733-16x12.jpg 16w, https:\/\/fonakeukeu.org\/wp-content\/uploads\/2020\/07\/WhatsApp-Image-2024-06-26-a-12.42.34_2276b733-600x449.jpg 600w, https:\/\/fonakeukeu.org\/wp-content\/uploads\/2020\/07\/WhatsApp-Image-2024-06-26-a-12.42.34_2276b733-560x419.jpg 560w, https:\/\/fonakeukeu.org\/wp-content\/uploads\/2020\/07\/WhatsApp-Image-2024-06-26-a-12.42.34_2276b733.jpg 1080w\" sizes=\"(max-width: 1024px) 100vw, 1024px\" \/>\t\t\t\t\t<\/a>\n\t\t\t\t<\/div>\n\t\t\t\t<div class=\"ova-content\">\n\t\t\t\t\t\t\t\t\t\t\t<div class=\"icon\">\n\t\t\t\t\t\t\t<span>\n\t\t\t\t\t\t\t\t<i class=\"flaticon-fair\"><\/i>\n\t\t\t\t\t\t\t<\/span>\n\t\t\t\t\t\t<\/div>\n\t\t\t\t\t\t\t\t\t\t\t\t\t\t\t<h2 class=\"title\">\n\t\t\t\t\t\t<a class=\"second_font\" href=\"https:\/\/fonakeukeu.org\/en\/ova_dep\/population\/\">\n\t\t\t\t\t\t\tPopulation\t\t\t\t\t\t<\/a>\n\t\t\t\t\t<\/h2>\n\t\t\t\t\t\t\t\t\t\t\t\t\t\t\t\t<div class=\"descption\">\n\t\t\t\t\t\t\tVeuillez explorer notre population.\t\t\t\t\t\t<\/div>\n\t\t\t\t\t\t\t\t\t\t\t\t\t\t\t<a class=\"second_font readmore\" href=\"https:\/\/fonakeukeu.org\/en\/ova_dep\/population\/\" >\n\t\t\t\t\t\tRead More\t\t\t\t\t\t<i data-feather=\"arrow-right\"><\/i>\n\t\t\t\t\t<\/a>\n\t\t\t\t\t\t\t\t\t<\/div>\n\n\t\t\t\t<\/div>\n\t\t\t<\/div>\n\n\t\t\n\t\t\t<div class=\"items elementor-items\">\n\t\t\t\t<div class=\"wp-item\">\n\t\t\t\t\n\t\t\t\t<div class=\"ova-media\">\n\t\t\t\t\t<a href=\"https:\/\/fonakeukeu.org\/en\/ova_dep\/education\/\">\n\t\t\t\t\t\t<img loading=\"lazy\" decoding=\"async\" width=\"1024\" height=\"676\" src=\"https:\/\/fonakeukeu.org\/wp-content\/uploads\/2020\/07\/DES4-1024x676.jpg\" class=\"img-responsive wp-post-image\" alt=\"\" srcset=\"https:\/\/fonakeukeu.org\/wp-content\/uploads\/2020\/07\/DES4-1024x676.jpg 1024w, https:\/\/fonakeukeu.org\/wp-content\/uploads\/2020\/07\/DES4-300x198.jpg 300w, https:\/\/fonakeukeu.org\/wp-content\/uploads\/2020\/07\/DES4-768x507.jpg 768w, https:\/\/fonakeukeu.org\/wp-content\/uploads\/2020\/07\/DES4-18x12.jpg 18w, https:\/\/fonakeukeu.org\/wp-content\/uploads\/2020\/07\/DES4-600x396.jpg 600w, https:\/\/fonakeukeu.org\/wp-content\/uploads\/2020\/07\/DES4-560x370.jpg 560w, https:\/\/fonakeukeu.org\/wp-content\/uploads\/2020\/07\/DES4.jpg 1080w\" sizes=\"(max-width: 1024px) 100vw, 1024px\" \/>\t\t\t\t\t<\/a>\n\t\t\t\t<\/div>\n\t\t\t\t<div class=\"ova-content\">\n\t\t\t\t\t\t\t\t\t\t\t<div class=\"icon\">\n\t\t\t\t\t\t\t<span>\n\t\t\t\t\t\t\t\t<i class=\"flaticon-tree\"><\/i>\n\t\t\t\t\t\t\t<\/span>\n\t\t\t\t\t\t<\/div>\n\t\t\t\t\t\t\t\t\t\t\t\t\t\t\t<h2 class=\"title\">\n\t\t\t\t\t\t<a class=\"second_font\" href=\"https:\/\/fonakeukeu.org\/en\/ova_dep\/education\/\">\n\t\t\t\t\t\t\tEducation\t\t\t\t\t\t<\/a>\n\t\t\t\t\t<\/h2>\n\t\t\t\t\t\t\t\t\t\t\t\t\t\t\t\t<div class=\"descption\">\n\t\t\t\t\t\t\tVeuillez explorer notre mod\u00e8le d'\u00e9ducation.\t\t\t\t\t\t<\/div>\n\t\t\t\t\t\t\t\t\t\t\t\t\t\t\t<a class=\"second_font readmore\" href=\"https:\/\/fonakeukeu.org\/en\/ova_dep\/education\/\" >\n\t\t\t\t\t\tRead More\t\t\t\t\t\t<i data-feather=\"arrow-right\"><\/i>\n\t\t\t\t\t<\/a>\n\t\t\t\t\t\t\t\t\t<\/div>\n\n\t\t\t\t<\/div>\n\t\t\t<\/div>\n\n\t\t\n\t\t\t<div class=\"items elementor-items\">\n\t\t\t\t<div class=\"wp-item\">\n\t\t\t\t\n\t\t\t\t<div class=\"ova-media\">\n\t\t\t\t\t<a href=\"https:\/\/fonakeukeu.org\/en\/ova_dep\/reseau-electrique\/\">\n\t\t\t\t\t\t<img loading=\"lazy\" decoding=\"async\" width=\"996\" height=\"640\" src=\"https:\/\/fonakeukeu.org\/wp-content\/uploads\/2020\/07\/reseau_electrique.jpg\" class=\"img-responsive wp-post-image\" alt=\"\" srcset=\"https:\/\/fonakeukeu.org\/wp-content\/uploads\/2020\/07\/reseau_electrique.jpg 996w, https:\/\/fonakeukeu.org\/wp-content\/uploads\/2020\/07\/reseau_electrique-300x193.jpg 300w, https:\/\/fonakeukeu.org\/wp-content\/uploads\/2020\/07\/reseau_electrique-768x493.jpg 768w, https:\/\/fonakeukeu.org\/wp-content\/uploads\/2020\/07\/reseau_electrique-18x12.jpg 18w, https:\/\/fonakeukeu.org\/wp-content\/uploads\/2020\/07\/reseau_electrique-600x386.jpg 600w, https:\/\/fonakeukeu.org\/wp-content\/uploads\/2020\/07\/reseau_electrique-560x360.jpg 560w\" sizes=\"(max-width: 996px) 100vw, 996px\" \/>\t\t\t\t\t<\/a>\n\t\t\t\t<\/div>\n\t\t\t\t<div class=\"ova-content\">\n\t\t\t\t\t\t\t\t\t\t\t<div class=\"icon\">\n\t\t\t\t\t\t\t<span>\n\t\t\t\t\t\t\t\t<i class=\"flaticon-architecture-and-city\"><\/i>\n\t\t\t\t\t\t\t<\/span>\n\t\t\t\t\t\t<\/div>\n\t\t\t\t\t\t\t\t\t\t\t\t\t\t\t<h2 class=\"title\">\n\t\t\t\t\t\t<a class=\"second_font\" href=\"https:\/\/fonakeukeu.org\/en\/ova_dep\/reseau-electrique\/\">\n\t\t\t\t\t\t\tR\u00e9seau \u00e9lectrique\t\t\t\t\t\t<\/a>\n\t\t\t\t\t<\/h2>\n\t\t\t\t\t\t\t\t\t\t\t\t\t\t\t\t<div class=\"descption\">\n\t\t\t\t\t\t\tVeuillez explorer notre r\u00e9seau \u00e9lectrique.\t\t\t\t\t\t<\/div>\n\t\t\t\t\t\t\t\t\t\t\t\t\t\t\t<a class=\"second_font readmore\" href=\"https:\/\/fonakeukeu.org\/en\/ova_dep\/reseau-electrique\/\" >\n\t\t\t\t\t\tRead More\t\t\t\t\t\t<i data-feather=\"arrow-right\"><\/i>\n\t\t\t\t\t<\/a>\n\t\t\t\t\t\t\t\t\t<\/div>\n\n\t\t\t\t<\/div>\n\t\t\t<\/div>\n\n\t\t\n\t\t\t<div class=\"items elementor-items\">\n\t\t\t\t<div class=\"wp-item\">\n\t\t\t\t\n\t\t\t\t<div class=\"ova-media\">\n\t\t\t\t\t<a href=\"https:\/\/fonakeukeu.org\/en\/ova_dep\/sante\/\">\n\t\t\t\t\t\t<img loading=\"lazy\" decoding=\"async\" width=\"1024\" height=\"683\" src=\"https:\/\/fonakeukeu.org\/wp-content\/uploads\/2020\/07\/65Y4CLLN2DK2NFTS7AYIKE5VEE-1024x683.webp\" class=\"img-responsive wp-post-image\" alt=\"\" srcset=\"https:\/\/fonakeukeu.org\/wp-content\/uploads\/2020\/07\/65Y4CLLN2DK2NFTS7AYIKE5VEE-1024x683.webp 1024w, https:\/\/fonakeukeu.org\/wp-content\/uploads\/2020\/07\/65Y4CLLN2DK2NFTS7AYIKE5VEE-300x200.webp 300w, https:\/\/fonakeukeu.org\/wp-content\/uploads\/2020\/07\/65Y4CLLN2DK2NFTS7AYIKE5VEE-768x512.webp 768w, https:\/\/fonakeukeu.org\/wp-content\/uploads\/2020\/07\/65Y4CLLN2DK2NFTS7AYIKE5VEE-1536x1024.webp 1536w, https:\/\/fonakeukeu.org\/wp-content\/uploads\/2020\/07\/65Y4CLLN2DK2NFTS7AYIKE5VEE-2048x1366.webp 2048w, https:\/\/fonakeukeu.org\/wp-content\/uploads\/2020\/07\/65Y4CLLN2DK2NFTS7AYIKE5VEE-18x12.webp 18w, https:\/\/fonakeukeu.org\/wp-content\/uploads\/2020\/07\/65Y4CLLN2DK2NFTS7AYIKE5VEE-600x400.webp 600w, https:\/\/fonakeukeu.org\/wp-content\/uploads\/2020\/07\/65Y4CLLN2DK2NFTS7AYIKE5VEE-560x373.webp 560w, https:\/\/fonakeukeu.org\/wp-content\/uploads\/2020\/07\/65Y4CLLN2DK2NFTS7AYIKE5VEE-272x182.webp 272w\" sizes=\"(max-width: 1024px) 100vw, 1024px\" \/>\t\t\t\t\t<\/a>\n\t\t\t\t<\/div>\n\t\t\t\t<div class=\"ova-content\">\n\t\t\t\t\t\t\t\t\t\t\t<div class=\"icon\">\n\t\t\t\t\t\t\t<span>\n\t\t\t\t\t\t\t\t<i class=\"flaticon-farmer\"><\/i>\n\t\t\t\t\t\t\t<\/span>\n\t\t\t\t\t\t<\/div>\n\t\t\t\t\t\t\t\t\t\t\t\t\t\t\t<h2 class=\"title\">\n\t\t\t\t\t\t<a class=\"second_font\" href=\"https:\/\/fonakeukeu.org\/en\/ova_dep\/sante\/\">\n\t\t\t\t\t\t\tSant\u00e9\t\t\t\t\t\t<\/a>\n\t\t\t\t\t<\/h2>\n\t\t\t\t\t\t\t\t\t\t\t\t\t\t\t\t<div class=\"descption\">\n\t\t\t\t\t\t\tVeuillez explorer le myst\u00e8re de la sant\u00e9 de Fonakeukeu.\t\t\t\t\t\t<\/div>\n\t\t\t\t\t\t\t\t\t\t\t\t\t\t\t<a class=\"second_font readmore\" href=\"https:\/\/fonakeukeu.org\/en\/ova_dep\/sante\/\" >\n\t\t\t\t\t\tRead More\t\t\t\t\t\t<i data-feather=\"arrow-right\"><\/i>\n\t\t\t\t\t<\/a>\n\t\t\t\t\t\t\t\t\t<\/div>\n\n\t\t\t\t<\/div>\n\t\t\t<\/div>\n\n\t\t\n\t\t\t<div class=\"items elementor-items\">\n\t\t\t\t<div class=\"wp-item\">\n\t\t\t\t\n\t\t\t\t<div class=\"ova-media\">\n\t\t\t\t\t<a href=\"https:\/\/fonakeukeu.org\/en\/ova_dep\/reseau-deau\/\">\n\t\t\t\t\t\t<img loading=\"lazy\" decoding=\"async\" width=\"996\" height=\"664\" src=\"https:\/\/fonakeukeu.org\/wp-content\/uploads\/2020\/07\/reseau_eau.jpg\" class=\"img-responsive wp-post-image\" alt=\"\" srcset=\"https:\/\/fonakeukeu.org\/wp-content\/uploads\/2020\/07\/reseau_eau.jpg 996w, https:\/\/fonakeukeu.org\/wp-content\/uploads\/2020\/07\/reseau_eau-300x200.jpg 300w, https:\/\/fonakeukeu.org\/wp-content\/uploads\/2020\/07\/reseau_eau-768x512.jpg 768w, https:\/\/fonakeukeu.org\/wp-content\/uploads\/2020\/07\/reseau_eau-18x12.jpg 18w, https:\/\/fonakeukeu.org\/wp-content\/uploads\/2020\/07\/reseau_eau-600x400.jpg 600w, https:\/\/fonakeukeu.org\/wp-content\/uploads\/2020\/07\/reseau_eau-560x373.jpg 560w, https:\/\/fonakeukeu.org\/wp-content\/uploads\/2020\/07\/reseau_eau-272x182.jpg 272w\" sizes=\"(max-width: 996px) 100vw, 996px\" \/>\t\t\t\t\t<\/a>\n\t\t\t\t<\/div>\n\t\t\t\t<div class=\"ova-content\">\n\t\t\t\t\t\t\t\t\t\t\t<div class=\"icon\">\n\t\t\t\t\t\t\t<span>\n\t\t\t\t\t\t\t\t<i class=\"flaticon-police-car-3\"><\/i>\n\t\t\t\t\t\t\t<\/span>\n\t\t\t\t\t\t<\/div>\n\t\t\t\t\t\t\t\t\t\t\t\t\t\t\t<h2 class=\"title\">\n\t\t\t\t\t\t<a class=\"second_font\" href=\"https:\/\/fonakeukeu.org\/en\/ova_dep\/reseau-deau\/\">\n\t\t\t\t\t\t\tR\u00e9seau d&rsquo;eau\t\t\t\t\t\t<\/a>\n\t\t\t\t\t<\/h2>\n\t\t\t\t\t\t\t\t\t\t\t\t\t\t\t\t<div class=\"descption\">\n\t\t\t\t\t\t\tVeuillez explorer notre r\u00e9seau d'eau.\r\n\t\t\t\t\t\t<\/div>\n\t\t\t\t\t\t\t\t\t\t\t\t\t\t\t<a class=\"second_font readmore\" href=\"https:\/\/fonakeukeu.org\/en\/ova_dep\/reseau-deau\/\" >\n\t\t\t\t\t\tRead More\t\t\t\t\t\t<i data-feather=\"arrow-right\"><\/i>\n\t\t\t\t\t<\/a>\n\t\t\t\t\t\t\t\t\t<\/div>\n\n\t\t\t\t<\/div>\n\t\t\t<\/div>\n\n\t\t\n\t\t\t<div class=\"items elementor-items\">\n\t\t\t\t<div class=\"wp-item\">\n\t\t\t\t\n\t\t\t\t<div class=\"ova-media\">\n\t\t\t\t\t<a href=\"https:\/\/fonakeukeu.org\/en\/ova_dep\/evenements\/\">\n\t\t\t\t\t\t<img loading=\"lazy\" decoding=\"async\" width=\"800\" height=\"520\" src=\"https:\/\/fonakeukeu.org\/wp-content\/uploads\/2020\/07\/traditional-african-dance-babungo-kingdom-cameroon-68699407.webp\" class=\"img-responsive wp-post-image\" alt=\"\" srcset=\"https:\/\/fonakeukeu.org\/wp-content\/uploads\/2020\/07\/traditional-african-dance-babungo-kingdom-cameroon-68699407.webp 800w, https:\/\/fonakeukeu.org\/wp-content\/uploads\/2020\/07\/traditional-african-dance-babungo-kingdom-cameroon-68699407-300x195.webp 300w, https:\/\/fonakeukeu.org\/wp-content\/uploads\/2020\/07\/traditional-african-dance-babungo-kingdom-cameroon-68699407-768x499.webp 768w, https:\/\/fonakeukeu.org\/wp-content\/uploads\/2020\/07\/traditional-african-dance-babungo-kingdom-cameroon-68699407-18x12.webp 18w, https:\/\/fonakeukeu.org\/wp-content\/uploads\/2020\/07\/traditional-african-dance-babungo-kingdom-cameroon-68699407-600x390.webp 600w, https:\/\/fonakeukeu.org\/wp-content\/uploads\/2020\/07\/traditional-african-dance-babungo-kingdom-cameroon-68699407-560x364.webp 560w\" sizes=\"(max-width: 800px) 100vw, 800px\" \/>\t\t\t\t\t<\/a>\n\t\t\t\t<\/div>\n\t\t\t\t<div class=\"ova-content\">\n\t\t\t\t\t\t\t\t\t\t\t<div class=\"icon\">\n\t\t\t\t\t\t\t<span>\n\t\t\t\t\t\t\t\t<i class=\"flaticon-balance-3\"><\/i>\n\t\t\t\t\t\t\t<\/span>\n\t\t\t\t\t\t<\/div>\n\t\t\t\t\t\t\t\t\t\t\t\t\t\t\t<h2 class=\"title\">\n\t\t\t\t\t\t<a class=\"second_font\" href=\"https:\/\/fonakeukeu.org\/en\/ova_dep\/evenements\/\">\n\t\t\t\t\t\t\tEv\u00e8nements\t\t\t\t\t\t<\/a>\n\t\t\t\t\t<\/h2>\n\t\t\t\t\t\t\t\t\t\t\t\t\t\t\t\t<div class=\"descption\">\n\t\t\t\t\t\t\tVeuillez explorer nos \u00e9v\u00e8nements.\t\t\t\t\t\t<\/div>\n\t\t\t\t\t\t\t\t\t\t\t\t\t\t\t<a class=\"second_font readmore\" href=\"https:\/\/fonakeukeu.org\/en\/ova_dep\/evenements\/\" >\n\t\t\t\t\t\tRead More\t\t\t\t\t\t<i data-feather=\"arrow-right\"><\/i>\n\t\t\t\t\t<\/a>\n\t\t\t\t\t\t\t\t\t<\/div>\n\n\t\t\t\t<\/div>\n\t\t\t<\/div>\n\n\t\t\n\t\t\t<div class=\"items elementor-items\">\n\t\t\t\t<div class=\"wp-item\">\n\t\t\t\t\n\t\t\t\t<div class=\"ova-media\">\n\t\t\t\t\t<a href=\"https:\/\/fonakeukeu.org\/en\/ova_dep\/geographie\/\">\n\t\t\t\t\t\t<img loading=\"lazy\" decoding=\"async\" width=\"1024\" height=\"682\" src=\"https:\/\/fonakeukeu.org\/wp-content\/uploads\/2020\/07\/Integrated_Reading_Activity_in_Bamako_Mali_24751556697-1024x682.jpg\" class=\"img-responsive wp-post-image\" alt=\"\" srcset=\"https:\/\/fonakeukeu.org\/wp-content\/uploads\/2020\/07\/Integrated_Reading_Activity_in_Bamako_Mali_24751556697-1024x682.jpg 1024w, https:\/\/fonakeukeu.org\/wp-content\/uploads\/2020\/07\/Integrated_Reading_Activity_in_Bamako_Mali_24751556697-300x200.jpg 300w, https:\/\/fonakeukeu.org\/wp-content\/uploads\/2020\/07\/Integrated_Reading_Activity_in_Bamako_Mali_24751556697-768x512.jpg 768w, https:\/\/fonakeukeu.org\/wp-content\/uploads\/2020\/07\/Integrated_Reading_Activity_in_Bamako_Mali_24751556697-18x12.jpg 18w, https:\/\/fonakeukeu.org\/wp-content\/uploads\/2020\/07\/Integrated_Reading_Activity_in_Bamako_Mali_24751556697-600x400.jpg 600w, https:\/\/fonakeukeu.org\/wp-content\/uploads\/2020\/07\/Integrated_Reading_Activity_in_Bamako_Mali_24751556697-560x373.jpg 560w, https:\/\/fonakeukeu.org\/wp-content\/uploads\/2020\/07\/Integrated_Reading_Activity_in_Bamako_Mali_24751556697-272x182.jpg 272w, https:\/\/fonakeukeu.org\/wp-content\/uploads\/2020\/07\/Integrated_Reading_Activity_in_Bamako_Mali_24751556697.jpg 1280w\" sizes=\"(max-width: 1024px) 100vw, 1024px\" \/>\t\t\t\t\t<\/a>\n\t\t\t\t<\/div>\n\t\t\t\t<div class=\"ova-content\">\n\t\t\t\t\t\t\t\t\t\t\t<div class=\"icon\">\n\t\t\t\t\t\t\t<span>\n\t\t\t\t\t\t\t\t<i class=\"flaticon-money-bag-2\"><\/i>\n\t\t\t\t\t\t\t<\/span>\n\t\t\t\t\t\t<\/div>\n\t\t\t\t\t\t\t\t\t\t\t\t\t\t\t<h2 class=\"title\">\n\t\t\t\t\t\t<a class=\"second_font\" href=\"https:\/\/fonakeukeu.org\/en\/ova_dep\/geographie\/\">\n\t\t\t\t\t\t\tActivit\u00e9s\t\t\t\t\t\t<\/a>\n\t\t\t\t\t<\/h2>\n\t\t\t\t\t\t\t\t\t\t\t\t\t\t\t\t<div class=\"descption\">\n\t\t\t\t\t\t\tVeuillez explorer nos Activit\u00e9s.\t\t\t\t\t\t<\/div>\n\t\t\t\t\t\t\t\t\t\t\t\t\t\t\t<a class=\"second_font readmore\" href=\"https:\/\/fonakeukeu.org\/en\/ova_dep\/geographie\/\" >\n\t\t\t\t\t\tRead More\t\t\t\t\t\t<i data-feather=\"arrow-right\"><\/i>\n\t\t\t\t\t<\/a>\n\t\t\t\t\t\t\t\t\t<\/div>\n\n\t\t\t\t<\/div>\n\t\t\t<\/div>\n\n\t\t\n\t\t\t<div class=\"items elementor-items\">\n\t\t\t\t<div class=\"wp-item\">\n\t\t\t\t\n\t\t\t\t<div class=\"ova-media\">\n\t\t\t\t\t<a href=\"https:\/\/fonakeukeu.org\/en\/ova_dep\/histoire\/\">\n\t\t\t\t\t\t<img loading=\"lazy\" decoding=\"async\" width=\"1024\" height=\"576\" src=\"https:\/\/fonakeukeu.org\/wp-content\/uploads\/2020\/07\/palais-1024x576.jpg\" class=\"img-responsive wp-post-image\" alt=\"\" srcset=\"https:\/\/fonakeukeu.org\/wp-content\/uploads\/2020\/07\/palais-1024x576.jpg 1024w, https:\/\/fonakeukeu.org\/wp-content\/uploads\/2020\/07\/palais-300x169.jpg 300w, https:\/\/fonakeukeu.org\/wp-content\/uploads\/2020\/07\/palais-768x432.jpg 768w, https:\/\/fonakeukeu.org\/wp-content\/uploads\/2020\/07\/palais-18x10.jpg 18w, https:\/\/fonakeukeu.org\/wp-content\/uploads\/2020\/07\/palais-600x338.jpg 600w, https:\/\/fonakeukeu.org\/wp-content\/uploads\/2020\/07\/palais-560x315.jpg 560w, https:\/\/fonakeukeu.org\/wp-content\/uploads\/2020\/07\/palais.jpg 1080w\" sizes=\"(max-width: 1024px) 100vw, 1024px\" \/>\t\t\t\t\t<\/a>\n\t\t\t\t<\/div>\n\t\t\t\t<div class=\"ova-content\">\n\t\t\t\t\t\t\t\t\t\t\t<div class=\"icon\">\n\t\t\t\t\t\t\t<span>\n\t\t\t\t\t\t\t\t<i class=\"flaticon-goal\"><\/i>\n\t\t\t\t\t\t\t<\/span>\n\t\t\t\t\t\t<\/div>\n\t\t\t\t\t\t\t\t\t\t\t\t\t\t\t<h2 class=\"title\">\n\t\t\t\t\t\t<a class=\"second_font\" href=\"https:\/\/fonakeukeu.org\/en\/ova_dep\/histoire\/\">\n\t\t\t\t\t\t\tHistorique\t\t\t\t\t\t<\/a>\n\t\t\t\t\t<\/h2>\n\t\t\t\t\t\t\t\t\t\t\t\t\t\t\t\t<div class=\"descption\">\n\t\t\t\t\t\t\tVeuillez explorer l'histoire de notre village.\t\t\t\t\t\t<\/div>\n\t\t\t\t\t\t\t\t\t\t\t\t\t\t\t<a class=\"second_font readmore\" href=\"https:\/\/fonakeukeu.org\/en\/ova_dep\/histoire\/\" >\n\t\t\t\t\t\tRead More\t\t\t\t\t\t<i data-feather=\"arrow-right\"><\/i>\n\t\t\t\t\t<\/a>\n\t\t\t\t\t\t\t\t\t<\/div>\n\n\t\t\t\t<\/div>\n\t\t\t<\/div>\n\n\t\t\n\t\t\t<div class=\"items elementor-items\">\n\t\t\t\t<div class=\"wp-item\">\n\t\t\t\t\n\t\t\t\t<div class=\"ova-media\">\n\t\t\t\t\t<a href=\"https:\/\/fonakeukeu.org\/en\/ova_dep\/infrastructure\/\">\n\t\t\t\t\t\t<img loading=\"lazy\" decoding=\"async\" width=\"474\" height=\"270\" src=\"https:\/\/fonakeukeu.org\/wp-content\/uploads\/2023\/09\/infrastructure.jpg\" class=\"img-responsive wp-post-image\" alt=\"\" srcset=\"https:\/\/fonakeukeu.org\/wp-content\/uploads\/2023\/09\/infrastructure.jpg 474w, https:\/\/fonakeukeu.org\/wp-content\/uploads\/2023\/09\/infrastructure-300x171.jpg 300w, https:\/\/fonakeukeu.org\/wp-content\/uploads\/2023\/09\/infrastructure-18x10.jpg 18w\" sizes=\"(max-width: 474px) 100vw, 474px\" \/>\t\t\t\t\t<\/a>\n\t\t\t\t<\/div>\n\t\t\t\t<div class=\"ova-content\">\n\t\t\t\t\t\t\t\t\t\t\t<div class=\"icon\">\n\t\t\t\t\t\t\t<span>\n\t\t\t\t\t\t\t\t<i class=\"\"><\/i>\n\t\t\t\t\t\t\t<\/span>\n\t\t\t\t\t\t<\/div>\n\t\t\t\t\t\t\t\t\t\t\t\t\t\t\t<h2 class=\"title\">\n\t\t\t\t\t\t<a class=\"second_font\" href=\"https:\/\/fonakeukeu.org\/en\/ova_dep\/infrastructure\/\">\n\t\t\t\t\t\t\tInfrastructures\t\t\t\t\t\t<\/a>\n\t\t\t\t\t<\/h2>\n\t\t\t\t\t\t\t\t\t\t\t\t\t\t\t\t<div class=\"descption\">\n\t\t\t\t\t\t\tVeuillez explorer nos infrastructures.\t\t\t\t\t\t<\/div>\n\t\t\t\t\t\t\t\t\t\t\t\t\t\t\t<a class=\"second_font readmore\" href=\"https:\/\/fonakeukeu.org\/en\/ova_dep\/infrastructure\/\" >\n\t\t\t\t\t\tRead More\t\t\t\t\t\t<i data-feather=\"arrow-right\"><\/i>\n\t\t\t\t\t<\/a>\n\t\t\t\t\t\t\t\t\t<\/div>\n\n\t\t\t\t<\/div>\n\t\t\t<\/div>\n\n\t\t\t<\/div>\n\n\n\n<\/div>\n\n\n\t\t<\/div>\n\t\t\t\t<\/div>\n\t\t\t\t\t<\/div>\n\t\t<\/div>\n\t\t\t\t\t<\/div>\n\t\t<\/section>\n\t\t\t\t<\/div>","protected":false},"excerpt":{"rendered":"<p>Explorer les diff\u00e9rentes rubriques de notre village FONAKEUKEU Nous proposons les informations suivantes sur nous et sur ce que nous sommes r\u00e9ellement. G\u00e9ographie Veuillez explorez la g\u00e9ographie de notre village Read More Elites &#038; Diaspora Veuillez explorer les \u00e9lites notre village et notre diaspora. Read More Population Veuillez explorer notre population. Read More Education Veuillez [&hellip;]<\/p>","protected":false},"author":1,"featured_media":5806,"parent":0,"menu_order":0,"comment_status":"closed","ping_status":"closed","template":"elementor_header_footer","meta":{"footnotes":""},"class_list":["post-730","page","type-page","status-publish","has-post-thumbnail","hentry"],"aioseo_notices":[],"_links":{"self":[{"href":"https:\/\/fonakeukeu.org\/en\/wp-json\/wp\/v2\/pages\/730","targetHints":{"allow":["GET"]}}],"collection":[{"href":"https:\/\/fonakeukeu.org\/en\/wp-json\/wp\/v2\/pages"}],"about":[{"href":"https:\/\/fonakeukeu.org\/en\/wp-json\/wp\/v2\/types\/page"}],"author":[{"embeddable":true,"href":"https:\/\/fonakeukeu.org\/en\/wp-json\/wp\/v2\/users\/1"}],"replies":[{"embeddable":true,"href":"https:\/\/fonakeukeu.org\/en\/wp-json\/wp\/v2\/comments?post=730"}],"version-history":[{"count":46,"href":"https:\/\/fonakeukeu.org\/en\/wp-json\/wp\/v2\/pages\/730\/revisions"}],"predecessor-version":[{"id":7441,"href":"https:\/\/fonakeukeu.org\/en\/wp-json\/wp\/v2\/pages\/730\/revisions\/7441"}],"wp:featuredmedia":[{"embeddable":true,"href":"https:\/\/fonakeukeu.org\/en\/wp-json\/wp\/v2\/media\/5806"}],"wp:attachment":[{"href":"https:\/\/fonakeukeu.org\/en\/wp-json\/wp\/v2\/media?parent=730"}],"curies":[{"name":"wp","href":"https:\/\/api.w.org\/{rel}","templated":true}]}}