{"id":7596,"date":"2024-06-26T10:51:06","date_gmt":"2024-06-26T08:51:06","guid":{"rendered":"https:\/\/fonakeukeu.org\/?page_id=7596"},"modified":"2025-01-02T17:18:34","modified_gmt":"2025-01-02T16:18:34","slug":"histoire-adf-2","status":"publish","type":"page","link":"https:\/\/fonakeukeu.org\/en\/histoire-adf-2\/","title":{"rendered":"historique*"},"content":{"rendered":"<div data-elementor-type=\"wp-page\" data-elementor-id=\"7596\" class=\"elementor elementor-7596\" data-elementor-post-type=\"page\">\n\t\t\t\t\t\t<section class=\"elementor-section elementor-top-section elementor-element elementor-element-86683e5 elementor-section-boxed elementor-section-height-default elementor-section-height-default\" data-id=\"86683e5\" data-element_type=\"section\">\n\t\t\t\t\t\t<div class=\"elementor-container elementor-column-gap-default\">\n\t\t\t\t\t<div class=\"elementor-column elementor-col-100 elementor-top-column elementor-element elementor-element-f287260\" data-id=\"f287260\" data-element_type=\"column\">\n\t\t\t<div class=\"elementor-widget-wrap elementor-element-populated\">\n\t\t\t\t\t\t<div class=\"elementor-element elementor-element-fed3b31 elementor-widget elementor-widget-text-editor\" data-id=\"fed3b31\" data-element_type=\"widget\" data-widget_type=\"text-editor.default\">\n\t\t\t\t<div class=\"elementor-widget-container\">\n\t\t\t\t\t\t\t<p>La jeunesse Fonakeukeu a commenc\u00e9 \u00e0 se r\u00e9unir depuis plus de trois d\u00e9cennies. Entre 1985 et 1990, Chouffo NGUEFACK Paul \u00e9tait pr\u00e9sident des jeune Fonakeukeu de Douala, aujourd&rsquo;hui pr\u00e9sident r\u00e9gional de L&rsquo;ADF Menoua En 1990, son dynamisme et son souci du d\u00e9veloppement de Fonakeukeu motivent une nouvelle g\u00e9n\u00e9ration \u00e0 rallier l&rsquo;\u00e9quipe dans parmi lesquels WAMBA Jean Claude et NAFACK Simplice avec pour pr\u00e9sident NAGUE Roger.<\/p>\t\t\t\t\t\t<\/div>\n\t\t\t\t<\/div>\n\t\t\t\t\t<\/div>\n\t\t<\/div>\n\t\t\t\t\t<\/div>\n\t\t<\/section>\n\t\t\t\t<section class=\"elementor-section elementor-top-section elementor-element elementor-element-048299f elementor-section-boxed elementor-section-height-default elementor-section-height-default\" data-id=\"048299f\" data-element_type=\"section\">\n\t\t\t\t\t\t<div class=\"elementor-container elementor-column-gap-default\">\n\t\t\t\t\t<div class=\"elementor-column elementor-col-33 elementor-top-column elementor-element elementor-element-ffe3f95\" data-id=\"ffe3f95\" data-element_type=\"column\">\n\t\t\t<div class=\"elementor-widget-wrap elementor-element-populated\">\n\t\t\t\t\t\t<div class=\"elementor-element elementor-element-b2ff7e4 elementor-widget elementor-widget-image\" data-id=\"b2ff7e4\" data-element_type=\"widget\" data-widget_type=\"image.default\">\n\t\t\t\t<div class=\"elementor-widget-container\">\n\t\t\t\t\t\t\t\t\t\t\t\t\t<img fetchpriority=\"high\" decoding=\"async\" width=\"268\" height=\"268\" src=\"https:\/\/fonakeukeu.org\/wp-content\/uploads\/2020\/07\/University-of-Dschang-Logo.png\" class=\"attachment-large size-large wp-image-7580\" alt=\"\" srcset=\"https:\/\/fonakeukeu.org\/wp-content\/uploads\/2020\/07\/University-of-Dschang-Logo.png 268w, https:\/\/fonakeukeu.org\/wp-content\/uploads\/2020\/07\/University-of-Dschang-Logo-150x150.png 150w, https:\/\/fonakeukeu.org\/wp-content\/uploads\/2020\/07\/University-of-Dschang-Logo-12x12.png 12w, https:\/\/fonakeukeu.org\/wp-content\/uploads\/2020\/07\/University-of-Dschang-Logo-100x100.png 100w\" sizes=\"(max-width: 268px) 100vw, 268px\" \/>\t\t\t\t\t\t\t\t\t\t\t\t\t<\/div>\n\t\t\t\t<\/div>\n\t\t\t\t\t<\/div>\n\t\t<\/div>\n\t\t\t\t<div class=\"elementor-column elementor-col-66 elementor-top-column elementor-element elementor-element-88afbb0\" data-id=\"88afbb0\" data-element_type=\"column\">\n\t\t\t<div class=\"elementor-widget-wrap elementor-element-populated\">\n\t\t\t\t\t\t<div class=\"elementor-element elementor-element-6e9f16a elementor-widget elementor-widget-text-editor\" data-id=\"6e9f16a\" data-element_type=\"widget\" data-widget_type=\"text-editor.default\">\n\t\t\t\t<div class=\"elementor-widget-container\">\n\t\t\t\t\t\t\t<p>\u00a0\u00a0 \u00a0En 1993 avec l&rsquo;ouverture de l&rsquo;universit\u00e9 de Dschang, la jeunesse Fonakeukeu se regroupe \u00e9galement \u00e0 Dschang et Yaound\u00e9 suis le pas. Avec L&rsquo;impulsion des jeunes de Douala, L&rsquo;ANJEF a vu le jour avec pour pr\u00e9sident Gabriel NGUIMO. En d\u00e9cembre 1996, lors de la sortie du La&rsquo;akam de Sa Majest\u00e9 ZEUFACK Il Joseph, ces jeunes pleins de volont\u00e9 offre \u00e0 tout un village et \u00e0 leur Majest\u00e9 un cadeau inoubliable. Cette g\u00e9n\u00e9ration des jeunes est rest\u00e9e soud\u00e9e jusqu&rsquo;\u00e0 nos jours avec \u00e0 Douala l&rsquo;association ESFOD, \u00e0 Dschang le CAFOD et \u00e0 Yaound\u00e9 le CAFY.<\/p>\t\t\t\t\t\t<\/div>\n\t\t\t\t<\/div>\n\t\t\t\t\t<\/div>\n\t\t<\/div>\n\t\t\t\t\t<\/div>\n\t\t<\/section>\n\t\t\t\t<section class=\"elementor-section elementor-top-section elementor-element elementor-element-54e128d elementor-section-boxed elementor-section-height-default elementor-section-height-default\" data-id=\"54e128d\" data-element_type=\"section\">\n\t\t\t\t\t\t<div class=\"elementor-container elementor-column-gap-default\">\n\t\t\t\t\t<div class=\"elementor-column elementor-col-50 elementor-top-column elementor-element elementor-element-5a6e799\" data-id=\"5a6e799\" data-element_type=\"column\">\n\t\t\t<div class=\"elementor-widget-wrap elementor-element-populated\">\n\t\t\t\t\t\t<div class=\"elementor-element elementor-element-51997be elementor-widget elementor-widget-text-editor\" data-id=\"51997be\" data-element_type=\"widget\" data-widget_type=\"text-editor.default\">\n\t\t\t\t<div class=\"elementor-widget-container\">\n\t\t\t\t\t\t\t<p>\u00a0 \u00a0En 2004, une nouvelle g\u00e9n\u00e9ration voit le jour avec \u00c9ric MOMO comme pr\u00e9sident et par ailleurs Pr\u00e9sident de l&rsquo;Association des El\u00e8ves et Etudiants Fonakeukeu \u00e0 Dschang (AJEEFOD).\u00a0 \u00a0 \u00a0 \u00a0 \u00a0 \u00a0 \u00a0 \u00a0 \u00a0 \u00a0 \u00a0 \u00a0 \u00a0 \u00a0 \u00a0 \u00a0 \u00a0 \u00a0 \u00a0 \u00a0 \u00a0 \u00a0 \u00a0 \u00a0 \u00a0 \u00a0 \u00a0 \u00a0 \u00a0 \u00a0 \u00a0 \u00a0 \u00a0 \u00a0 \u00a0 \u00a0 \u00a0 \u00a0 \u00a0 \u00a0 \u00a0 \u00a0 \u00a0 \u00a0 \u00a0 <span style=\"letter-spacing: 0px;\">Vu le nombre grandissant des lyc\u00e9ens et coll\u00e9giens Fonakeukeu r\u00e9sidant \u00e0 Fona m\u00eame, il se donne le d\u00e9fi de cr\u00e9er la section de Dschang village qui prendra le nom de AJEEFOD 2 et en Janvier 2005, les premi\u00e8res \u00e9lections ont eu lieu avec pour pr\u00e9sident KABOU Yannick Olivier. Son mandat prend fin lors du Congr\u00e8s ADF 2006 et il c\u00e8de sa-place \u00e0 TSAGUE Gerbo. Lui aussi conduit avec brio la jeunesse Fonakeukeu jusqu&rsquo;en 2008 o\u00f9 il laisse le si\u00e8ge \u00e0 DONFACK Rom\u00e9o qui occupe en ce moment le poste de Pr\u00e9sident de la JESFOD.<\/span><\/p>\t\t\t\t\t\t<\/div>\n\t\t\t\t<\/div>\n\t\t\t\t\t<\/div>\n\t\t<\/div>\n\t\t\t\t<div class=\"elementor-column elementor-col-50 elementor-top-column elementor-element elementor-element-5bf5a9d\" data-id=\"5bf5a9d\" data-element_type=\"column\">\n\t\t\t<div class=\"elementor-widget-wrap elementor-element-populated\">\n\t\t\t\t\t\t<div class=\"elementor-element elementor-element-2361b8c elementor-widget elementor-widget-image\" data-id=\"2361b8c\" data-element_type=\"widget\" data-widget_type=\"image.default\">\n\t\t\t\t<div class=\"elementor-widget-container\">\n\t\t\t\t\t\t\t\t\t\t\t\t\t<img decoding=\"async\" width=\"1024\" height=\"576\" src=\"https:\/\/fonakeukeu.org\/wp-content\/uploads\/2020\/07\/COVID-19-School-Year-Lost-As-Kenya-Set-To-Resume-Activities-In-2021-2048x1152-1-1024x576.jpg\" class=\"attachment-large size-large wp-image-7581\" alt=\"\" srcset=\"https:\/\/fonakeukeu.org\/wp-content\/uploads\/2020\/07\/COVID-19-School-Year-Lost-As-Kenya-Set-To-Resume-Activities-In-2021-2048x1152-1-1024x576.jpg 1024w, https:\/\/fonakeukeu.org\/wp-content\/uploads\/2020\/07\/COVID-19-School-Year-Lost-As-Kenya-Set-To-Resume-Activities-In-2021-2048x1152-1-300x169.jpg 300w, https:\/\/fonakeukeu.org\/wp-content\/uploads\/2020\/07\/COVID-19-School-Year-Lost-As-Kenya-Set-To-Resume-Activities-In-2021-2048x1152-1-768x432.jpg 768w, https:\/\/fonakeukeu.org\/wp-content\/uploads\/2020\/07\/COVID-19-School-Year-Lost-As-Kenya-Set-To-Resume-Activities-In-2021-2048x1152-1-1536x864.jpg 1536w, https:\/\/fonakeukeu.org\/wp-content\/uploads\/2020\/07\/COVID-19-School-Year-Lost-As-Kenya-Set-To-Resume-Activities-In-2021-2048x1152-1-18x10.jpg 18w, https:\/\/fonakeukeu.org\/wp-content\/uploads\/2020\/07\/COVID-19-School-Year-Lost-As-Kenya-Set-To-Resume-Activities-In-2021-2048x1152-1-600x338.jpg 600w, https:\/\/fonakeukeu.org\/wp-content\/uploads\/2020\/07\/COVID-19-School-Year-Lost-As-Kenya-Set-To-Resume-Activities-In-2021-2048x1152-1-560x315.jpg 560w, https:\/\/fonakeukeu.org\/wp-content\/uploads\/2020\/07\/COVID-19-School-Year-Lost-As-Kenya-Set-To-Resume-Activities-In-2021-2048x1152-1.jpg 2048w\" sizes=\"(max-width: 1024px) 100vw, 1024px\" \/>\t\t\t\t\t\t\t\t\t\t\t\t\t<\/div>\n\t\t\t\t<\/div>\n\t\t\t\t\t<\/div>\n\t\t<\/div>\n\t\t\t\t\t<\/div>\n\t\t<\/section>\n\t\t\t\t<section class=\"elementor-section elementor-top-section elementor-element elementor-element-4e3052b elementor-section-boxed elementor-section-height-default elementor-section-height-default\" data-id=\"4e3052b\" data-element_type=\"section\">\n\t\t\t\t\t\t<div class=\"elementor-container elementor-column-gap-default\">\n\t\t\t\t\t<div class=\"elementor-column elementor-col-33 elementor-top-column elementor-element elementor-element-e2eed32\" data-id=\"e2eed32\" data-element_type=\"column\">\n\t\t\t<div class=\"elementor-widget-wrap elementor-element-populated\">\n\t\t\t\t\t\t<div class=\"elementor-element elementor-element-cc6e8ec elementor-widget elementor-widget-text-editor\" data-id=\"cc6e8ec\" data-element_type=\"widget\" data-widget_type=\"text-editor.default\">\n\t\t\t\t<div class=\"elementor-widget-container\">\n\t\t\t\t\t\t\t<p>\u00a0 \u00a0 \u00a0 \u00a0 \u00a0 \u00a0 Entre 2008 et 2012, le mouvement de jeunesse Fonakeukeu connait un d\u00e9clin avec la JESFY qui ne fonctionne plus, les associations de Dschang travaillent entre elles et la JESFOD \u00e9galement. L&rsquo;ANJEF ne fonctionne pratiquement plus malgr\u00e9 les efforts du pr\u00e9sident. Ainsi au lendemain du congr\u00e8s ADF 2012, les jeunes Fonakeukeu se donnent pour d\u00e9fis de relancer le mouvement national de jeunesse. A cet effet, ils ont constitu\u00e9 avec l&rsquo;aide de SM FO\u2019O ZEUFACK Il et de CHOUFFO NGUEFACK Paul, un bureau transitoire qui a guid\u00e9 les travaux de d\u00e9cembre 2012 \u00e0 Aout 2013. L&rsquo;objectif de ce bureau \u00e9tait de regrouper d&rsquo;abord les jeunes Fona dans toutes les villes o\u00f9 il y&rsquo;a une forte concentration de ceux-ci. La JESFY (Jeunesse Estudiantine Fonakeukeu de Yaound\u00e9) renait, le COJEFOD (Collectif des Jeunes Fonakeukeu de Dschang) s&rsquo;est agrandi la JESFOD Jeunesse Solidaire Fonakeukeu de Douala) a revu le jour, la FOSAB (Fonakeukeu Student Association of Bambili) a \u00e9t\u00e9 cr\u00e9\u00e9e par Charmelin FONKE.\u00a0 \u00a0 \u00a0 \u00a0 \u00a0 \u00a0 \u00a0 \u00a0 \u00a0 \u00a0 \u00a0 \u00a0 \u00a0 \u00a0 \u00a0 \u00a0 \u00a0 \u00a0 \u00a0 \u00a0 \u00a0 \u00a0 \u00a0 \u00a0 \u00a0 \u00a0 \u00a0 \u00a0 \u00a0 \u00a0 \u00a0 \u00a0 \u00a0 \u00a0 \u00a0 \u00a0 \u00a0 \u00a0 \u00a0 \u00a0 \u00a0 \u00a0 \u00a0 \u00a0 \u00a0 \u00a0 \u00a0 \u00a0 \u00a0 \u00a0 \u00a0 \u00a0 \u00a0 \u00a0 \u00a0 \u00a0 \u00a0 \u00a0 \u00a0 \u00a0 \u00a0 <span style=\"letter-spacing: 0px;\">A ce niveau, on jugeait d\u00e9j\u00e0 la premi\u00e8re feuille de route atteinte et on s&rsquo;est donn\u00e9 pour d\u00e9fi d&rsquo;organiser un mini-congr\u00e8s pendant Lequel se tiendra l&rsquo;\u00e9lection du bureau national. Mais avant d\u2019y<\/span><\/p><div>\u00a0<\/div>\t\t\t\t\t\t<\/div>\n\t\t\t\t<\/div>\n\t\t\t\t\t<\/div>\n\t\t<\/div>\n\t\t\t\t<div class=\"elementor-column elementor-col-33 elementor-top-column elementor-element elementor-element-002be05\" data-id=\"002be05\" data-element_type=\"column\">\n\t\t\t<div class=\"elementor-widget-wrap elementor-element-populated\">\n\t\t\t\t\t\t<div class=\"elementor-element elementor-element-a3eea8d elementor-widget elementor-widget-text-editor\" data-id=\"a3eea8d\" data-element_type=\"widget\" data-widget_type=\"text-editor.default\">\n\t\t\t\t<div class=\"elementor-widget-container\">\n\t\t\t\t\t\t\t<p><span style=\"letter-spacing: 0px;\">\u00a0 \u00a0 \u00a0 \u00a0 \u00a0 \u00a0 \u00a0Arriver, ces jeunes se sont dits qu\u2019il, sera important de mobiliser la jeunesse surplace pour annoncer l&rsquo;\u00e9v\u00e8nement. Il a donc \u00e9t\u00e9 organiser \u00e0 Fonakeukeu une semaine de sensibilisation en mars 2013 dont on a eu plusieurs points importants au programme \u00e0 savoir, un entretien avec le Fonds National de l&rsquo;Emploi, un entretien avec le \u00e9l\u00e8ves des classes de premi\u00e8re e terminale du Lyc\u00e9e de Fonakeukeu sur l&rsquo;orientation scolaire et comment pr\u00e9parer son examen. Apr\u00e8s cette semaine de sensibilisation les membres du bureau transitoire ont convoqu\u00e9 une r\u00e9union avec les jeunes Fona de tous les horizons en moi 2013 et l&rsquo;objectif \u00e9tait de pr\u00e9senter le bilan de la semaine de sensibilisation et les objectifs fix\u00e9s. C&rsquo;est ainsi que la date du premier mini-congr\u00e8s des jeunes Fona depuis 2007 a \u00e9t\u00e9 fix\u00e9 ainsi que tes commissions d&rsquo;organisation du mini-congr\u00e8s organis\u00e9 en fin juillet 2013 a connu la participation de plusieurs jeunes Fonakeukeu de Dschang, de Yaound\u00e9, de Douala et de Bambili. La semaine a \u00e9t\u00e9 meubl\u00e9e par plusieurs activit\u00e9s parmi lesquelles l&rsquo;\u00e9lection du bureau de L&rsquo;ANJEF pour un mandat de deux ans. Au terme de cette \u00e9lection donc, on a eu pour pr\u00e9sident, FONKE Charmelin (\u00e0 l&rsquo;\u00e9poque, pr\u00e9sident de la FOSAB). Ce bureau a \u00e0 cet effet \u00e9t\u00e9 install\u00e9 par Sa majest\u00e9 FO\u2019O ZEUFACK Il le 3 aout 2013 et s&rsquo;est du coup mis au travail avec une feuille de route bien d\u00e9finie.<\/span><\/p>\t\t\t\t\t\t<\/div>\n\t\t\t\t<\/div>\n\t\t\t\t\t<\/div>\n\t\t<\/div>\n\t\t\t\t<div class=\"elementor-column elementor-col-33 elementor-top-column elementor-element elementor-element-d41a14e\" data-id=\"d41a14e\" data-element_type=\"column\">\n\t\t\t<div class=\"elementor-widget-wrap elementor-element-populated\">\n\t\t\t\t\t\t<div class=\"elementor-element elementor-element-d04ed74 elementor-widget elementor-widget-text-editor\" data-id=\"d04ed74\" data-element_type=\"widget\" data-widget_type=\"text-editor.default\">\n\t\t\t\t<div class=\"elementor-widget-container\">\n\t\t\t\t\t\t\t<p>\u00a0 \u00a0 \u00a0 \u00a0 \u00a0Ce mandat reconduit en 2015 connait plusieurs probl\u00e8mes notamment les membres du bureau qui connaissent une instabilit\u00e9 et on note une absence totale des jeunes lors du d\u00e9roulement du LELEM 2016. Cette absence des jeunes \u00e0 l\u2019organisation et au d\u00e9roulement des activit\u00e9s du LELEM 2016 donne un sursaut d\u2019orgueil \u00e0 une nouvelle g\u00e9n\u00e9ration. Fabrice TANANDONG, secr\u00e9taire g\u00e9n\u00e9ral de l\u2019ANJEF entreprend de relancer la JESFOD et d\u2019entrer en contact avec les jeunes de Yaound\u00e9, alors tr\u00e8s motiv\u00e9s \u00e0 faire revivre l\u2019ANJEF. C\u2019est ainsi que la JESFOD revoir le jour avec pour pr\u00e9sident AMINGUE Andr\u00e9 et avec la JESFY dirig\u00e9e \u00e0 l\u2019\u00e9poque par ASONFACK N\u00e9lie Saurelle avec des jeunes engag\u00e9s tel que KONMENEK Kevin, MINGUE TONTSA St\u00e8ve Valdo, KEMEUZEU Ulrich et bien d\u2019autre, les rencontres vont se faire entre Douala et Yaound\u00e9 dans le but de relancer le mouvement national. Bien aid\u00e9 par la secr\u00e9taire nationale charg\u00e9e des questions de jeunesse et des affaires f\u00e9minines de l\u2019ADF, Mme ATEUMENA Lionie, un bureau int\u00e9rimaire sera mis sur pied en janvier 2017 avec pour pr\u00e9sident TANANDONG Fabrice. Ce bureau int\u00e9rimaire a tenu des rencontres virtuelles et \u00e0 Douala et Yaound\u00e9 dans le but d\u2019organiser le congr\u00e8s des jeunes 2017. Ce congr\u00e8s des jeunes est donc organis\u00e9 et connait un succ\u00e8s \u00e0 nul autre pareil. On a pu noter la forte mobilisation des jeunes de la JESFY et de la JESFOD. Plusieurs activit\u00e9s vont meubler cette semaine du congr\u00e8s des jeunes riches en couleurs parmi lesquelles, la s\u00e9ance de coaching en entreprenariat, l\u2019apprentissage de la langue yemba, la soir\u00e9e autour du feu avec SM FO\u2019O ZEUFACK II, le match de gala, l\u2019\u00e9lection de Miss ANJEF qui verra le sacre de Mlle NGUEFACK Zita et l\u2019\u00e9lection du bureau de L\u2019ANJEF. Au cours de cet \u00e9lection, TANANDONG Fabrice est confirm\u00e9 comme pr\u00e9sident et conduira la jeunesse jusqu\u2019en aout 2019.<\/p>\t\t\t\t\t\t<\/div>\n\t\t\t\t<\/div>\n\t\t\t\t\t<\/div>\n\t\t<\/div>\n\t\t\t\t\t<\/div>\n\t\t<\/section>\n\t\t\t\t<section class=\"elementor-section elementor-top-section elementor-element elementor-element-ec5cb77 elementor-section-boxed elementor-section-height-default elementor-section-height-default\" data-id=\"ec5cb77\" data-element_type=\"section\">\n\t\t\t\t\t\t<div class=\"elementor-container elementor-column-gap-default\">\n\t\t\t\t\t<div class=\"elementor-column elementor-col-100 elementor-top-column elementor-element elementor-element-f104d14\" data-id=\"f104d14\" data-element_type=\"column\">\n\t\t\t<div class=\"elementor-widget-wrap elementor-element-populated\">\n\t\t\t\t\t\t<div class=\"elementor-element elementor-element-d1add99 elementor-widget elementor-widget-ova_history\" data-id=\"d1add99\" data-element_type=\"widget\" data-widget_type=\"ova_history.default\">\n\t\t\t\t<div class=\"elementor-widget-container\">\n\t\t\t\t\t<div class=\"ova-history\">\n\t\t\t\t\t\t\t\t\t\t\t\t<div class=\"wp-item\">\n\t\t\t\t\t\t<div class=\"wp-content\">\n\t\t\t\t\t\t\t\n\t\t\t\t\t\t\t<div class=\"content\">\n\t\t\t\t\t\t\t\t<div class=\"ova-media\">\n\t\t\t\t\t\t\t\t\t<img decoding=\"async\" src=\"\" alt=\"\">\n\t\t\t\t\t\t\t\t<\/div>\n\t\t\t\t\t\t\t<\/div>\n\t\t\t\t\t\t<\/div>\n\t\t\t\t\t\t<div class=\"wp-year\">\n\t\t\t\t\t\t\t<span class=\"dot\">\n\t\t\t\t\t\t\t\t<span class=\"dot1\"><\/span>\n\t\t\t\t\t\t\t\t<span  class=\"dot2\"><\/span>\n\t\t\t\t\t\t\t\t<span  class=\"dot3\"><\/span>\n\t\t\t\t\t\t\t\t<span  class=\"dot4\"><\/span>\n\t\t\t\t\t\t\t<\/span>\n\n\t\t\t\t\t\t\t<p class=\"year second_font\">1996<\/p>\n\n\t\t\t\t\t\t\t<div class=\"title\">\n\t\t\t\t\t\t\t\t\t\t\t\t\t\t\t\t\t<h3>La construction du monument de la jeunesse<\/h3>\n\t\t\t\t\t\t\t\t\t\t\t\t\t\t\t<\/div>\n\n\t\t\t\t\t\t\t<div class=\"desc\">\n\t\t\t\t\t\t\t\t<p>Elle a lieu lors de la sortie du La&#039;akam de Sa Majest\u00e9 FO\u2019O ZEUFACK Il Joseph<\/p>\n\t\t\t\t\t\t\t<\/div>\n\n\t\t\t\t\t\t<\/div>\n\t\t\t\t\t<\/div>\n\t\t\t\t\t\t\t\t\t<div class=\"wp-item\">\n\t\t\t\t\t\t<div class=\"wp-content\">\n\t\t\t\t\t\t\t\n\t\t\t\t\t\t\t<div class=\"content\">\n\t\t\t\t\t\t\t\t<div class=\"ova-media\">\n\t\t\t\t\t\t\t\t\t<img decoding=\"async\" src=\"\" alt=\"\">\n\t\t\t\t\t\t\t\t<\/div>\n\t\t\t\t\t\t\t<\/div>\n\t\t\t\t\t\t<\/div>\n\t\t\t\t\t\t<div class=\"wp-year\">\n\t\t\t\t\t\t\t<span class=\"dot\">\n\t\t\t\t\t\t\t\t<span class=\"dot1\"><\/span>\n\t\t\t\t\t\t\t\t<span  class=\"dot2\"><\/span>\n\t\t\t\t\t\t\t\t<span  class=\"dot3\"><\/span>\n\t\t\t\t\t\t\t\t<span  class=\"dot4\"><\/span>\n\t\t\t\t\t\t\t<\/span>\n\n\t\t\t\t\t\t\t<p class=\"year second_font\">1999 et 2000<\/p>\n\n\t\t\t\t\t\t\t<div class=\"title\">\n\t\t\t\t\t\t\t\t\t\t\t\t\t\t\t\t\t<h3>Conception du calendrier almanach de L'ANJEF<\/h3>\n\t\t\t\t\t\t\t\t\t\t\t\t\t\t\t<\/div>\n\n\t\t\t\t\t\t\t<div class=\"desc\">\n\t\t\t\t\t\t\t\t<p> <\/p>\n\t\t\t\t\t\t\t<\/div>\n\n\t\t\t\t\t\t<\/div>\n\t\t\t\t\t<\/div>\n\t\t\t\t\t\t\t\t\t<div class=\"wp-item\">\n\t\t\t\t\t\t<div class=\"wp-content\">\n\t\t\t\t\t\t\t\n\t\t\t\t\t\t\t<div class=\"content\">\n\t\t\t\t\t\t\t\t<div class=\"ova-media\">\n\t\t\t\t\t\t\t\t\t<img decoding=\"async\" src=\"\" alt=\"\">\n\t\t\t\t\t\t\t\t<\/div>\n\t\t\t\t\t\t\t<\/div>\n\t\t\t\t\t\t<\/div>\n\t\t\t\t\t\t<div class=\"wp-year\">\n\t\t\t\t\t\t\t<span class=\"dot\">\n\t\t\t\t\t\t\t\t<span class=\"dot1\"><\/span>\n\t\t\t\t\t\t\t\t<span  class=\"dot2\"><\/span>\n\t\t\t\t\t\t\t\t<span  class=\"dot3\"><\/span>\n\t\t\t\t\t\t\t\t<span  class=\"dot4\"><\/span>\n\t\t\t\t\t\t\t<\/span>\n\n\t\t\t\t\t\t\t<p class=\"year second_font\">2004-2007<\/p>\n\n\t\t\t\t\t\t\t<div class=\"title\">\n\t\t\t\t\t\t\t\t\t\t\t\t\t\t\t\t\t<h3> Organisation des cours de vacance dans les \u00e9coles primaires de Fonakeukeu en 2004, 2005, 2006 et 2007\n<\/h3>\n\t\t\t\t\t\t\t\t\t\t\t\t\t\t\t<\/div>\n\n\t\t\t\t\t\t\t<div class=\"desc\">\n\t\t\t\t\t\t\t\t<p> <\/p>\n\t\t\t\t\t\t\t<\/div>\n\n\t\t\t\t\t\t<\/div>\n\t\t\t\t\t<\/div>\n\t\t\t\t\t\t\t\t\t<div class=\"wp-item\">\n\t\t\t\t\t\t<div class=\"wp-content\">\n\t\t\t\t\t\t\t\n\t\t\t\t\t\t\t<div class=\"content\">\n\t\t\t\t\t\t\t\t<div class=\"ova-media\">\n\t\t\t\t\t\t\t\t\t<img decoding=\"async\" src=\"\" alt=\"\">\n\t\t\t\t\t\t\t\t<\/div>\n\t\t\t\t\t\t\t<\/div>\n\t\t\t\t\t\t<\/div>\n\t\t\t\t\t\t<div class=\"wp-year\">\n\t\t\t\t\t\t\t<span class=\"dot\">\n\t\t\t\t\t\t\t\t<span class=\"dot1\"><\/span>\n\t\t\t\t\t\t\t\t<span  class=\"dot2\"><\/span>\n\t\t\t\t\t\t\t\t<span  class=\"dot3\"><\/span>\n\t\t\t\t\t\t\t\t<span  class=\"dot4\"><\/span>\n\t\t\t\t\t\t\t<\/span>\n\n\t\t\t\t\t\t\t<p class=\"year second_font\">2013<\/p>\n\n\t\t\t\t\t\t\t<div class=\"title\">\n\t\t\t\t\t\t\t\t\t\t\t\t\t\t\t\t\t<h3>Don des ardoises dans \u00e9coles maternelles de Fonakeukeu<\/h3>\n\t\t\t\t\t\t\t\t\t\t\t\t\t\t\t<\/div>\n\n\t\t\t\t\t\t\t<div class=\"desc\">\n\t\t\t\t\t\t\t\t<p> <\/p>\n\t\t\t\t\t\t\t<\/div>\n\n\t\t\t\t\t\t<\/div>\n\t\t\t\t\t<\/div>\n\t\t\t\t\t\t\t\t\t<div class=\"wp-item\">\n\t\t\t\t\t\t<div class=\"wp-content\">\n\t\t\t\t\t\t\t\n\t\t\t\t\t\t\t<div class=\"content\">\n\t\t\t\t\t\t\t\t<div class=\"ova-media\">\n\t\t\t\t\t\t\t\t\t<img decoding=\"async\" src=\"\" alt=\"\">\n\t\t\t\t\t\t\t\t<\/div>\n\t\t\t\t\t\t\t<\/div>\n\t\t\t\t\t\t<\/div>\n\t\t\t\t\t\t<div class=\"wp-year\">\n\t\t\t\t\t\t\t<span class=\"dot\">\n\t\t\t\t\t\t\t\t<span class=\"dot1\"><\/span>\n\t\t\t\t\t\t\t\t<span  class=\"dot2\"><\/span>\n\t\t\t\t\t\t\t\t<span  class=\"dot3\"><\/span>\n\t\t\t\t\t\t\t\t<span  class=\"dot4\"><\/span>\n\t\t\t\t\t\t\t<\/span>\n\n\t\t\t\t\t\t\t<p class=\"year second_font\">2014 et 2015<\/p>\n\n\t\t\t\t\t\t\t<div class=\"title\">\n\t\t\t\t\t\t\t\t\t\t\t\t\t\t\t\t\t<h3>Don des livres aux \u00e9l\u00e8ves des parents d\u00e9favoris\u00e9s de l\u2019\u00e9cole publique de FOnakeukeu groupe 2<\/h3>\n\t\t\t\t\t\t\t\t\t\t\t\t\t\t\t<\/div>\n\n\t\t\t\t\t\t\t<div class=\"desc\">\n\t\t\t\t\t\t\t\t<p><\/p>\n\t\t\t\t\t\t\t<\/div>\n\n\t\t\t\t\t\t<\/div>\n\t\t\t\t\t<\/div>\n\t\t\t\t\t\t\t\t\t<div class=\"wp-item\">\n\t\t\t\t\t\t<div class=\"wp-content\">\n\t\t\t\t\t\t\t\n\t\t\t\t\t\t\t<div class=\"content\">\n\t\t\t\t\t\t\t\t<div class=\"ova-media\">\n\t\t\t\t\t\t\t\t\t<img decoding=\"async\" src=\"\" alt=\"\">\n\t\t\t\t\t\t\t\t<\/div>\n\t\t\t\t\t\t\t<\/div>\n\t\t\t\t\t\t<\/div>\n\t\t\t\t\t\t<div class=\"wp-year\">\n\t\t\t\t\t\t\t<span class=\"dot\">\n\t\t\t\t\t\t\t\t<span class=\"dot1\"><\/span>\n\t\t\t\t\t\t\t\t<span  class=\"dot2\"><\/span>\n\t\t\t\t\t\t\t\t<span  class=\"dot3\"><\/span>\n\t\t\t\t\t\t\t\t<span  class=\"dot4\"><\/span>\n\t\t\t\t\t\t\t<\/span>\n\n\t\t\t\t\t\t\t<p class=\"year second_font\">2015<\/p>\n\n\t\t\t\t\t\t\t<div class=\"title\">\n\t\t\t\t\t\t\t\t\t\t\t\t\t\t\t\t\t<h3>R\u00e9novation du mat de drapeau de la chefferie Fonakeukeu et la fabrication des bancs publics \u00e0 la place des f\u00eates de la chefferie Fonakeukeu<\/h3>\n\t\t\t\t\t\t\t\t\t\t\t\t\t\t\t<\/div>\n\n\t\t\t\t\t\t\t<div class=\"desc\">\n\t\t\t\t\t\t\t\t<p><\/p>\n\t\t\t\t\t\t\t<\/div>\n\n\t\t\t\t\t\t<\/div>\n\t\t\t\t\t<\/div>\n\t\t\t\t\t\t\t\t\t<div class=\"wp-item\">\n\t\t\t\t\t\t<div class=\"wp-content\">\n\t\t\t\t\t\t\t\n\t\t\t\t\t\t\t<div class=\"content\">\n\t\t\t\t\t\t\t\t<div class=\"ova-media\">\n\t\t\t\t\t\t\t\t\t<img decoding=\"async\" src=\"\" alt=\"\">\n\t\t\t\t\t\t\t\t<\/div>\n\t\t\t\t\t\t\t<\/div>\n\t\t\t\t\t\t<\/div>\n\t\t\t\t\t\t<div class=\"wp-year\">\n\t\t\t\t\t\t\t<span class=\"dot\">\n\t\t\t\t\t\t\t\t<span class=\"dot1\"><\/span>\n\t\t\t\t\t\t\t\t<span  class=\"dot2\"><\/span>\n\t\t\t\t\t\t\t\t<span  class=\"dot3\"><\/span>\n\t\t\t\t\t\t\t\t<span  class=\"dot4\"><\/span>\n\t\t\t\t\t\t\t<\/span>\n\n\t\t\t\t\t\t\t<p class=\"year second_font\">2017<\/p>\n\n\t\t\t\t\t\t\t<div class=\"title\">\n\t\t\t\t\t\t\t\t\t\t\t\t\t\t\t\t\t<h3>Don et c\u00e9r\u00e9monie d\u2019excellence scolaire.<\/h3>\n\t\t\t\t\t\t\t\t\t\t\t\t\t\t\t<\/div>\n\n\t\t\t\t\t\t\t<div class=\"desc\">\n\t\t\t\t\t\t\t\t<p>Le don des produits de premi\u00e8re n\u00e9cessit\u00e9 aux personnes du troisi\u00e8me \u00e2ge et la c\u00e9r\u00e9monie d\u2019excellence scolaire pour les meilleurs au concours d\u2019entr\u00e9e en 6e au lyc\u00e9e de Fonakeukeu.<\/p>\n\t\t\t\t\t\t\t<\/div>\n\n\t\t\t\t\t\t<\/div>\n\t\t\t\t\t<\/div>\n\t\t\t\t\t\t\t\t\t<\/div>\n\t\t\t\t<\/div>\n\t\t\t\t<\/div>\n\t\t\t\t\t<\/div>\n\t\t<\/div>\n\t\t\t\t\t<\/div>\n\t\t<\/section>\n\t\t\t\t<\/div>","protected":false},"excerpt":{"rendered":"<p>La jeunesse Fonakeukeu a commenc\u00e9 \u00e0 se r\u00e9unir depuis plus de trois d\u00e9cennies. Entre 1985 et 1990, Chouffo NGUEFACK Paul \u00e9tait pr\u00e9sident des jeune Fonakeukeu de Douala, aujourd&rsquo;hui pr\u00e9sident r\u00e9gional de L&rsquo;ADF Menoua En 1990, son dynamisme et son souci du d\u00e9veloppement de Fonakeukeu motivent une nouvelle g\u00e9n\u00e9ration \u00e0 rallier l&rsquo;\u00e9quipe dans parmi lesquels WAMBA [&hellip;]<\/p>","protected":false},"author":1,"featured_media":0,"parent":0,"menu_order":0,"comment_status":"closed","ping_status":"closed","template":"","meta":{"footnotes":""},"class_list":["post-7596","page","type-page","status-publish","hentry"],"aioseo_notices":[],"_links":{"self":[{"href":"https:\/\/fonakeukeu.org\/en\/wp-json\/wp\/v2\/pages\/7596","targetHints":{"allow":["GET"]}}],"collection":[{"href":"https:\/\/fonakeukeu.org\/en\/wp-json\/wp\/v2\/pages"}],"about":[{"href":"https:\/\/fonakeukeu.org\/en\/wp-json\/wp\/v2\/types\/page"}],"author":[{"embeddable":true,"href":"https:\/\/fonakeukeu.org\/en\/wp-json\/wp\/v2\/users\/1"}],"replies":[{"embeddable":true,"href":"https:\/\/fonakeukeu.org\/en\/wp-json\/wp\/v2\/comments?post=7596"}],"version-history":[{"count":20,"href":"https:\/\/fonakeukeu.org\/en\/wp-json\/wp\/v2\/pages\/7596\/revisions"}],"predecessor-version":[{"id":8540,"href":"https:\/\/fonakeukeu.org\/en\/wp-json\/wp\/v2\/pages\/7596\/revisions\/8540"}],"wp:attachment":[{"href":"https:\/\/fonakeukeu.org\/en\/wp-json\/wp\/v2\/media?parent=7596"}],"curies":[{"name":"wp","href":"https:\/\/api.w.org\/{rel}","templated":true}]}}