{"id":7617,"date":"2024-06-26T11:10:34","date_gmt":"2024-06-26T09:10:34","guid":{"rendered":"https:\/\/fonakeukeu.org\/?page_id=7617"},"modified":"2024-09-17T17:22:21","modified_gmt":"2024-09-17T15:22:21","slug":"fona-ong-canada","status":"publish","type":"page","link":"https:\/\/fonakeukeu.org\/en\/fona-ong-canada\/","title":{"rendered":"Fona Ong Canada"},"content":{"rendered":"<div data-elementor-type=\"wp-page\" data-elementor-id=\"7617\" class=\"elementor elementor-7617\" data-elementor-post-type=\"page\">\n\t\t\t\t\t\t<section class=\"elementor-section elementor-top-section elementor-element elementor-element-181aff4 elementor-section-boxed elementor-section-height-default elementor-section-height-default\" data-id=\"181aff4\" data-element_type=\"section\">\n\t\t\t\t\t\t<div class=\"elementor-container elementor-column-gap-default\">\n\t\t\t\t\t<div class=\"elementor-column elementor-col-100 elementor-top-column elementor-element elementor-element-ab4137f\" data-id=\"ab4137f\" data-element_type=\"column\">\n\t\t\t<div class=\"elementor-widget-wrap elementor-element-populated\">\n\t\t\t\t\t\t<div class=\"elementor-element elementor-element-4de5086 elementor-widget elementor-widget-heading\" data-id=\"4de5086\" data-element_type=\"widget\" data-widget_type=\"heading.default\">\n\t\t\t\t<div class=\"elementor-widget-container\">\n\t\t\t<h2 class=\"elementor-heading-title elementor-size-default\">BIENVENUE A FONA ONG CANADA<\/h2>\t\t<\/div>\n\t\t\t\t<\/div>\n\t\t\t\t<div class=\"elementor-element elementor-element-12c3cb4 elementor-widget elementor-widget-heading\" data-id=\"12c3cb4\" data-element_type=\"widget\" data-widget_type=\"heading.default\">\n\t\t\t\t<div class=\"elementor-widget-container\">\n\t\t\t<h3 class=\"elementor-heading-title elementor-size-default\">Cooperation Fonakeukeu<\/h3>\t\t<\/div>\n\t\t\t\t<\/div>\n\t\t\t\t\t<\/div>\n\t\t<\/div>\n\t\t\t\t\t<\/div>\n\t\t<\/section>\n\t\t\t\t<section class=\"elementor-section elementor-top-section elementor-element elementor-element-4411ec7 elementor-section-boxed elementor-section-height-default elementor-section-height-default\" data-id=\"4411ec7\" data-element_type=\"section\">\n\t\t\t\t\t\t<div class=\"elementor-container elementor-column-gap-default\">\n\t\t\t\t\t<div class=\"elementor-column elementor-col-100 elementor-top-column elementor-element elementor-element-c62b64e\" data-id=\"c62b64e\" data-element_type=\"column\">\n\t\t\t<div class=\"elementor-widget-wrap elementor-element-populated\">\n\t\t\t\t\t\t<div class=\"elementor-element elementor-element-fc42fed elementor-widget elementor-widget-text-editor\" data-id=\"fc42fed\" data-element_type=\"widget\" data-widget_type=\"text-editor.default\">\n\t\t\t\t<div class=\"elementor-widget-container\">\n\t\t\t\t\t\t\t<p>L\u2019immigration des pays africain vers les continents europ\u00e9en et am\u00e9ricain va de fa\u00e7on grandissant au fil des ann\u00e9es. Le Canada est l\u2019un des pays qui qui a ouvert ses fronti\u00e8res \u00e0 plusieurs pays africains. Il suffit aujourd\u2019hui de faire un tour dans les a\u00e9roports africains et de questionner les voyageurs pour comprendre \u00e0 quel point la communaut\u00e9 africaine sera l\u2019une des plus importante au Canada ou peut-\u00eatre l\u2019est m\u00eame d\u00e9j\u00e0. Les derni\u00e8res statistiques d\u2019immigration canadienne d\u00e9montre le nombre d\u2019immigrant camerounais a pratiquement doubl\u00e9 en valeur relative passant ainsi de 5.9% entre 2019-2022 \u00e0 11.8% en 2023 occupant d\u00e9sormais la 2<sup>e<\/sup> place derri\u00e8re la France et d\u00e9tr\u00f4nant ainsi la Chine. Les personnes originaires du village Fonakeukeu dans la r\u00e9gion de l\u2019Ouest, d\u00e9partement de la Menoua et arrondissement de Dschang sont \u00e0 ce jour l\u2019un des peuples les plus importants<\/p>\t\t\t\t\t\t<\/div>\n\t\t\t\t<\/div>\n\t\t\t\t\t<\/div>\n\t\t<\/div>\n\t\t\t\t\t<\/div>\n\t\t<\/section>\n\t\t\t\t<section class=\"elementor-section elementor-top-section elementor-element elementor-element-ee7ee7a elementor-section-boxed elementor-section-height-default elementor-section-height-default\" data-id=\"ee7ee7a\" data-element_type=\"section\">\n\t\t\t\t\t\t<div class=\"elementor-container elementor-column-gap-default\">\n\t\t\t\t\t<div class=\"elementor-column elementor-col-50 elementor-top-column elementor-element elementor-element-482fe0b\" data-id=\"482fe0b\" data-element_type=\"column\">\n\t\t\t<div class=\"elementor-widget-wrap elementor-element-populated\">\n\t\t\t\t\t\t<div class=\"elementor-element elementor-element-3e6159e elementor-widget elementor-widget-text-editor\" data-id=\"3e6159e\" data-element_type=\"widget\" data-widget_type=\"text-editor.default\">\n\t\t\t\t<div class=\"elementor-widget-container\">\n\t\t\t\t\t\t\t<p>L\u2019amour entre les Fonas et le Canada date d\u2019ailleurs de plusieurs ann\u00e9es et les r\u00e9sultats de cet amour sont plut\u00f4t b\u00e9nef pour le village Fonakeukeu. Nous pouvons citer entre autres la coop\u00e9ration entre le village Fonakeukeu et diverses institutions \u00e9ducatives qu\u00e9b\u00e9coises\u00a0:<\/p><ul><li>Universit\u00e9 du Qu\u00e9bec \u00e0 Montr\u00e9al (\u00e9ducation)<\/li><li>Universit\u00e9 de Sherbrooke (\u00e9ducation)<\/li><li>C\u00e9gep Andr\u00e9-Laurendeau (m\u00e9decine familial)<\/li><li>C\u00e9gep de Trois-Rivi\u00e8res (Optique, Soins Dentaires)<\/li><li>Centre de formation professionnel des Riverains (Soutien Informatique)<\/li><li>C\u00e9gep Saint J\u00e9r\u00f4me (Reboisement, Fours \u00c9cologiques, Enseignement, \u00c9ducation Sp\u00e9cialis\u00e9e)<\/li><\/ul>\t\t\t\t\t\t<\/div>\n\t\t\t\t<\/div>\n\t\t\t\t\t<\/div>\n\t\t<\/div>\n\t\t\t\t<div class=\"elementor-column elementor-col-50 elementor-top-column elementor-element elementor-element-2ad5d14\" data-id=\"2ad5d14\" data-element_type=\"column\">\n\t\t\t<div class=\"elementor-widget-wrap elementor-element-populated\">\n\t\t\t\t\t\t<div class=\"elementor-element elementor-element-c246d2f elementor-widget elementor-widget-text-editor\" data-id=\"c246d2f\" data-element_type=\"widget\" data-widget_type=\"text-editor.default\">\n\t\t\t\t<div class=\"elementor-widget-container\">\n\t\t\t\t\t\t\t<p>Ce dernier a envoy\u00e9 pendant plusieurs ann\u00e9es des stagiaires en Technique d\u2019Education Sp\u00e9cialis\u00e9s (TES) et en Technique d\u2019Education pour l\u2019Enfance (TEE) \u00e0 Fonakeukeu. Ces stagiaires qui s\u00e9journaient dans les familles du village ont pass\u00e9 leur stage pour certains dans les \u00e9coles maternelles du village, les \u00e9coles primaires et bien \u00e9videmment au lyc\u00e9e de Fonakeukeu.\u00a0 Ils ont partag\u00e9 \u00e9galement leur exp\u00e9rience avec les jeunes du village Fonakeukeu. Les jeunes \u00e9l\u00e8vent avaient \u00e9galement pu apprendre des stagiaires canadiens des bonnes attitudes \u00e0 adopter \u00e0 l\u2019\u00e9cole et en famille.<\/p><p>Le village Fonakeukeu a aussi b\u00e9n\u00e9fici\u00e9 d\u2019un appui important en 2009 avec la cr\u00e9ation d\u2019un centre multim\u00e9dia dot\u00e9 d\u2019un mat\u00e9riel \u00e0 la pointe de la technologie et une connexion internet \u00e0 tr\u00e8s haut d\u00e9bit. La jeunesse Fonakeukeu avaient donc pu profiter de cette importante dotation que plusieurs centres universitaires de notre pays n\u2019avaient pas en cette \u00e9poque.<\/p>\t\t\t\t\t\t<\/div>\n\t\t\t\t<\/div>\n\t\t\t\t\t<\/div>\n\t\t<\/div>\n\t\t\t\t\t<\/div>\n\t\t<\/section>\n\t\t\t\t<section class=\"elementor-section elementor-top-section elementor-element elementor-element-14b900b elementor-section-boxed elementor-section-height-default elementor-section-height-default\" data-id=\"14b900b\" data-element_type=\"section\">\n\t\t\t\t\t\t<div class=\"elementor-container elementor-column-gap-default\">\n\t\t\t\t\t<div class=\"elementor-column elementor-col-100 elementor-top-column elementor-element elementor-element-874d52a\" data-id=\"874d52a\" data-element_type=\"column\">\n\t\t\t<div class=\"elementor-widget-wrap elementor-element-populated\">\n\t\t\t\t\t\t<div class=\"elementor-element elementor-element-f31ed02 elementor-widget elementor-widget-text-editor\" data-id=\"f31ed02\" data-element_type=\"widget\" data-widget_type=\"text-editor.default\">\n\t\t\t\t<div class=\"elementor-widget-container\">\n\t\t\t\t\t\t\t<p>Il faut pr\u00e9ciser que tous ces b\u00e9n\u00e9fices n seraient pas arriv\u00e9s \u00e0 Fonakeukeu sans l\u2019appui de celui que les Fonas du Canada appellent affectueusement <strong><em>Le Doyen<\/em><\/strong>, Monsieur NOUMEDEM L\u00e9opold. Lui qui continue d\u2019ailleurs de discuter avec les canadiens qui ont \u00e9t\u00e9 \u00e0 Fonakeukeu pour des \u00e9ventuelles projets qui feront renaitre la collaboration.<\/p>\t\t\t\t\t\t<\/div>\n\t\t\t\t<\/div>\n\t\t\t\t\t<\/div>\n\t\t<\/div>\n\t\t\t\t\t<\/div>\n\t\t<\/section>\n\t\t\t\t<\/div>","protected":false},"excerpt":{"rendered":"<p>BIENVENUE A FONA ONG CANADA Cooperation Fonakeukeu L\u2019immigration des pays africain vers les continents europ\u00e9en et am\u00e9ricain va de fa\u00e7on grandissant au fil des ann\u00e9es. Le Canada est l\u2019un des pays qui qui a ouvert ses fronti\u00e8res \u00e0 plusieurs pays africains. Il suffit aujourd\u2019hui de faire un tour dans les a\u00e9roports africains et de questionner [&hellip;]<\/p>","protected":false},"author":1,"featured_media":0,"parent":0,"menu_order":0,"comment_status":"closed","ping_status":"closed","template":"elementor_header_footer","meta":{"footnotes":""},"class_list":["post-7617","page","type-page","status-publish","hentry"],"aioseo_notices":[],"_links":{"self":[{"href":"https:\/\/fonakeukeu.org\/en\/wp-json\/wp\/v2\/pages\/7617","targetHints":{"allow":["GET"]}}],"collection":[{"href":"https:\/\/fonakeukeu.org\/en\/wp-json\/wp\/v2\/pages"}],"about":[{"href":"https:\/\/fonakeukeu.org\/en\/wp-json\/wp\/v2\/types\/page"}],"author":[{"embeddable":true,"href":"https:\/\/fonakeukeu.org\/en\/wp-json\/wp\/v2\/users\/1"}],"replies":[{"embeddable":true,"href":"https:\/\/fonakeukeu.org\/en\/wp-json\/wp\/v2\/comments?post=7617"}],"version-history":[{"count":13,"href":"https:\/\/fonakeukeu.org\/en\/wp-json\/wp\/v2\/pages\/7617\/revisions"}],"predecessor-version":[{"id":8025,"href":"https:\/\/fonakeukeu.org\/en\/wp-json\/wp\/v2\/pages\/7617\/revisions\/8025"}],"wp:attachment":[{"href":"https:\/\/fonakeukeu.org\/en\/wp-json\/wp\/v2\/media?parent=7617"}],"curies":[{"name":"wp","href":"https:\/\/api.w.org\/{rel}","templated":true}]}}