{"id":8513,"date":"2025-01-02T14:57:46","date_gmt":"2025-01-02T13:57:46","guid":{"rendered":"https:\/\/fonakeukeu.org\/?page_id=8513"},"modified":"2025-01-02T15:51:18","modified_gmt":"2025-01-02T14:51:18","slug":"en_construction","status":"publish","type":"page","link":"https:\/\/fonakeukeu.org\/en\/en_construction\/","title":{"rendered":""},"content":{"rendered":"<div data-elementor-type=\"wp-page\" data-elementor-id=\"8513\" class=\"elementor elementor-8513\" data-elementor-post-type=\"page\">\n\t\t\t\t\t\t<section class=\"elementor-section elementor-top-section elementor-element elementor-element-654584b elementor-section-boxed elementor-section-height-default elementor-section-height-default\" data-id=\"654584b\" data-element_type=\"section\">\n\t\t\t\t\t\t<div class=\"elementor-container elementor-column-gap-default\">\n\t\t\t\t\t<div class=\"elementor-column elementor-col-33 elementor-top-column elementor-element elementor-element-c105a3f\" data-id=\"c105a3f\" data-element_type=\"column\">\n\t\t\t<div class=\"elementor-widget-wrap elementor-element-populated\">\n\t\t\t\t\t\t<div class=\"elementor-element elementor-element-2fb7b9c elementor-widget elementor-widget-heading\" data-id=\"2fb7b9c\" data-element_type=\"widget\" data-widget_type=\"heading.default\">\n\t\t\t\t<div class=\"elementor-widget-container\">\n\t\t\t<h2 class=\"elementor-heading-title elementor-size-default\">Nous travaillons actuellement sur cette page.<\/h2>\t\t<\/div>\n\t\t\t\t<\/div>\n\t\t\t\t<div class=\"elementor-element elementor-element-f0902f2 elementor-widget elementor-widget-text-editor\" data-id=\"f0902f2\" data-element_type=\"widget\" data-widget_type=\"text-editor.default\">\n\t\t\t\t<div class=\"elementor-widget-container\">\n\t\t\t\t\t\t\t<p>Revenez bient\u00f4t pour d\u00e9couvrir nos nouveaut\u00e9s!<\/p>\t\t\t\t\t\t<\/div>\n\t\t\t\t<\/div>\n\t\t\t\t\t<\/div>\n\t\t<\/div>\n\t\t\t\t<div class=\"elementor-column elementor-col-66 elementor-top-column elementor-element elementor-element-b5055bf\" data-id=\"b5055bf\" data-element_type=\"column\">\n\t\t\t<div class=\"elementor-widget-wrap elementor-element-populated\">\n\t\t\t\t\t\t<div class=\"elementor-element elementor-element-cbb4714 elementor-widget elementor-widget-image\" data-id=\"cbb4714\" data-element_type=\"widget\" data-widget_type=\"image.default\">\n\t\t\t\t<div class=\"elementor-widget-container\">\n\t\t\t\t\t\t\t\t\t\t\t\t\t<img fetchpriority=\"high\" decoding=\"async\" width=\"800\" height=\"800\" src=\"https:\/\/fonakeukeu.org\/wp-content\/uploads\/2025\/01\/page-en-construction2.jpg\" class=\"attachment-large size-large wp-image-8535\" alt=\"\" srcset=\"https:\/\/fonakeukeu.org\/wp-content\/uploads\/2025\/01\/page-en-construction2.jpg 800w, https:\/\/fonakeukeu.org\/wp-content\/uploads\/2025\/01\/page-en-construction2-300x300.jpg 300w, https:\/\/fonakeukeu.org\/wp-content\/uploads\/2025\/01\/page-en-construction2-150x150.jpg 150w, https:\/\/fonakeukeu.org\/wp-content\/uploads\/2025\/01\/page-en-construction2-768x768.jpg 768w, https:\/\/fonakeukeu.org\/wp-content\/uploads\/2025\/01\/page-en-construction2-12x12.jpg 12w, https:\/\/fonakeukeu.org\/wp-content\/uploads\/2025\/01\/page-en-construction2-600x600.jpg 600w, https:\/\/fonakeukeu.org\/wp-content\/uploads\/2025\/01\/page-en-construction2-560x560.jpg 560w, https:\/\/fonakeukeu.org\/wp-content\/uploads\/2025\/01\/page-en-construction2-100x100.jpg 100w\" sizes=\"(max-width: 800px) 100vw, 800px\" \/>\t\t\t\t\t\t\t\t\t\t\t\t\t<\/div>\n\t\t\t\t<\/div>\n\t\t\t\t\t<\/div>\n\t\t<\/div>\n\t\t\t\t\t<\/div>\n\t\t<\/section>\n\t\t\t\t<\/div>","protected":false},"excerpt":{"rendered":"<p>Nous travaillons actuellement sur cette page. Revenez bient\u00f4t pour d\u00e9couvrir nos nouveaut\u00e9s!<\/p>","protected":false},"author":1,"featured_media":0,"parent":0,"menu_order":0,"comment_status":"closed","ping_status":"closed","template":"","meta":{"footnotes":""},"class_list":["post-8513","page","type-page","status-publish","hentry"],"aioseo_notices":[],"_links":{"self":[{"href":"https:\/\/fonakeukeu.org\/en\/wp-json\/wp\/v2\/pages\/8513","targetHints":{"allow":["GET"]}}],"collection":[{"href":"https:\/\/fonakeukeu.org\/en\/wp-json\/wp\/v2\/pages"}],"about":[{"href":"https:\/\/fonakeukeu.org\/en\/wp-json\/wp\/v2\/types\/page"}],"author":[{"embeddable":true,"href":"https:\/\/fonakeukeu.org\/en\/wp-json\/wp\/v2\/users\/1"}],"replies":[{"embeddable":true,"href":"https:\/\/fonakeukeu.org\/en\/wp-json\/wp\/v2\/comments?post=8513"}],"version-history":[{"count":16,"href":"https:\/\/fonakeukeu.org\/en\/wp-json\/wp\/v2\/pages\/8513\/revisions"}],"predecessor-version":[{"id":8539,"href":"https:\/\/fonakeukeu.org\/en\/wp-json\/wp\/v2\/pages\/8513\/revisions\/8539"}],"wp:attachment":[{"href":"https:\/\/fonakeukeu.org\/en\/wp-json\/wp\/v2\/media?parent=8513"}],"curies":[{"name":"wp","href":"https:\/\/api.w.org\/{rel}","templated":true}]}}